{"id":11938,"date":"2025-07-29T13:52:56","date_gmt":"2025-07-29T11:52:56","guid":{"rendered":"http:\/\/localhost\/montyglobal\/korrespondenten\/"},"modified":"2025-11-04T09:55:49","modified_gmt":"2025-11-04T08:55:49","slug":"korrespondenten","status":"publish","type":"page","link":"https:\/\/montyglobal.com\/de\/korrespondenten\/","title":{"rendered":"Korrespondenten"},"content":{"rendered":"\t\t<div data-elementor-type=\"wp-page\" data-elementor-id=\"11938\" class=\"elementor elementor-11938 elementor-961\" data-elementor-post-type=\"page\">\n\t\t\t\t<div class=\"elementor-element elementor-element-8574f14 e-con-full e-flex e-con e-parent\" data-id=\"8574f14\" data-element_type=\"container\" data-e-type=\"container\">\n\t\t\t\t<div class=\"elementor-element elementor-element-a001414 e-con e-atomic-element e-flexbox-base e-a001414-e5e3e6c\" data-id=\"a001414\" data-element_type=\"e-flexbox\" data-e-type=\"e-flexbox\" data-interaction-id=\"a001414\" data-e-type=\"e-flexbox\" data-id=\"a001414\">\n\t\t\t\t<div class=\"elementor-element elementor-element-3b442ea e-con e-atomic-element e-flexbox-base e-3b442ea-994f604\" data-id=\"3b442ea\" data-element_type=\"e-flexbox\" data-e-type=\"e-flexbox\" data-interaction-id=\"3b442ea\" data-e-type=\"e-flexbox\" data-id=\"3b442ea\">\n\t\t\t\t<div class=\"elementor-element elementor-element-8fd088f e-con e-atomic-element e-flexbox-base e-8fd088f-2b74f82\" data-id=\"8fd088f\" data-element_type=\"e-flexbox\" data-e-type=\"e-flexbox\" data-interaction-id=\"8fd088f\" data-e-type=\"e-flexbox\" data-id=\"8fd088f\">\n\t\t<div class=\"elementor-element elementor-element-f306648 e-con-full e-flex e-con e-child\" data-id=\"f306648\" data-element_type=\"container\" data-e-type=\"container\">\n\t\t\t\t<div class=\"elementor-element elementor-element-d0bb175 elementor-widget__width-initial elementor-widget-divider--view-line elementor-widget elementor-widget-divider\" data-id=\"d0bb175\" data-element_type=\"widget\" data-e-type=\"widget\" data-widget_type=\"divider.default\">\n\t\t\t\t\t\t\t<div class=\"elementor-divider\">\n\t\t\t<span class=\"elementor-divider-separator\">\n\t\t\t\t\t\t<\/span>\n\t\t<\/div>\n\t\t\t\t\t\t<\/div>\n\t\t\t\t<\/div>\n\t\t\t\t<div class=\"elementor-element elementor-element-c9306e3 e-con e-atomic-element e-flexbox-base e-c9306e3-ad1e34a\" data-id=\"c9306e3\" data-element_type=\"e-flexbox\" data-e-type=\"e-flexbox\" data-interaction-id=\"c9306e3\" data-e-type=\"e-flexbox\" data-id=\"c9306e3\">\n\t\t\t\t<div class=\"elementor-element elementor-element-dbe5929 elementor-widget__width-inherit elementor-widget elementor-widget-heading\" data-id=\"dbe5929\" data-element_type=\"widget\" data-e-type=\"widget\" data-widget_type=\"heading.default\">\n\t\t\t\t\t<h2 class=\"elementor-heading-title elementor-size-default\">Wie man Korrespondent wird<\/h2>\t\t\t\t<\/div>\n\t\t\t\t<\/div>\n\t\t\t\t<\/div>\n\t\t<div class=\"elementor-element elementor-element-67bb3dc e-con-full e-flex e-con e-child\" data-id=\"67bb3dc\" data-element_type=\"container\" data-e-type=\"container\">\n\t\t\t\t<div class=\"elementor-element elementor-element-fc32168 elementor-widget__width-inherit elementor-widget elementor-widget-text-editor\" data-id=\"fc32168\" data-element_type=\"widget\" data-e-type=\"widget\" data-widget_type=\"text-editor.default\">\n\t\t\t\t\t\t\t\t\t<p>Bei Monty verstehen wir Servicequalit\u00e4t als einen Prozess, der beim Kundendienst beginnt und mit der Auszahlung an den Empf\u00e4nger endet. Um einen effektiven und zuverl\u00e4ssigen Service zu gew\u00e4hrleisten, pflegt das Unternehmen enge und transparente Beziehungen zu Finanzinstituten und Zahlungsunternehmen in den Herkunftsl\u00e4ndern unserer Kunden. Dank dieser Partnerschaften bietet Monty schnelle, sichere Dienstleistungen mit wettbewerbsf\u00e4higen Geb\u00fchren.  <\/p><p>Seit 2004 hat das Unternehmen ein umfangreiches Korrespondentennetz aufgebaut, das es erm\u00f6glicht, Geld in mehr als 130 L\u00e4nder zu senden, mit mehr als 188.000 Auszahlungsstellen, meist zur sofortigen Lieferung.  <br>Zu den Zahlungsmethoden geh\u00f6ren Barzahlung, Einzahlungen auf Bankkonten, Zahlungen per Handy und Wallet, Einzahlungen auf Debit- und Kreditkarten, Zahlungen an Geldautomaten (ATM) und Lieferung nach Hause.<\/p>\t\t\t\t\t\t\t\t<\/div>\n\t\t\t\t<\/div>\n\t\t\t\t<\/div>\n\t\t\t\t<div class=\"elementor-element elementor-element-58989e7 e-con e-atomic-element e-flexbox-base e-58989e7-ff743a1\" data-id=\"58989e7\" data-element_type=\"e-flexbox\" data-e-type=\"e-flexbox\" data-interaction-id=\"58989e7\" data-e-type=\"e-flexbox\" data-id=\"58989e7\">\n\t\t\t\t<\/div>\n\t\t\t\t<\/div>\n\t\t\t\t<div class=\"elementor-element elementor-element-c868f61 e-con e-atomic-element e-flexbox-base e-c868f61-d065bd9\" data-id=\"c868f61\" data-element_type=\"e-flexbox\" data-e-type=\"e-flexbox\" data-interaction-id=\"c868f61\" data-e-type=\"e-flexbox\" data-id=\"c868f61\">\n\t\t\t\t<div class=\"elementor-element elementor-element-6467b3b elementor-widget elementor-widget-heading\" data-id=\"6467b3b\" data-element_type=\"widget\" data-e-type=\"widget\" data-widget_type=\"heading.default\">\n\t\t\t\t\t<h2 class=\"elementor-heading-title elementor-size-default\">Notwendige Anforderungen<\/h2>\t\t\t\t<\/div>\n\t\t\t\t<div class=\"elementor-element elementor-element-36c2127 e-con e-atomic-element e-flexbox-base e-36c2127-3b5b742\" data-id=\"36c2127\" data-element_type=\"e-flexbox\" data-e-type=\"e-flexbox\" data-interaction-id=\"36c2127\" data-e-type=\"e-flexbox\" data-id=\"36c2127\">\n\t\t\t\t<div class=\"elementor-element elementor-element-70c8346 e-con e-atomic-element e-flexbox-base e-70c8346-ac1ab54\" data-id=\"70c8346\" data-element_type=\"e-flexbox\" data-e-type=\"e-flexbox\" data-interaction-id=\"70c8346\" data-e-type=\"e-flexbox\" data-id=\"70c8346\">\n\t\t\t\t<div class=\"elementor-element elementor-element-36dbcce elementor-widget elementor-widget-text-editor\" data-id=\"36dbcce\" data-element_type=\"widget\" data-e-type=\"widget\" data-widget_type=\"text-editor.default\">\n\t\t\t\t\t\t\t\t\t<p><strong>01 .<\/strong> Um Ihren Vorschlag bewerten zu k\u00f6nnen, senden Sie uns Ihre Anfrage bitte an <a class=\"email-corresponsales\" href=\"mailto:corresponsales@mgpsa.com\">cmm@mgpsa.com <\/a>mit den folgenden Informationen:<\/p>\t\t\t\t\t\t\t\t<\/div>\n\t\t\t\t<div class=\"elementor-element elementor-element-193ed2b e-con e-atomic-element e-flexbox-base e-193ed2b-68f5633\" data-id=\"193ed2b\" data-element_type=\"e-flexbox\" data-e-type=\"e-flexbox\" data-interaction-id=\"193ed2b\" data-e-type=\"e-flexbox\" data-id=\"193ed2b\">\n\t\t\t\t<div class=\"elementor-element elementor-element-9a26589 e-con e-atomic-element e-flexbox-base e-9a26589-ee9d595\" data-id=\"9a26589\" data-element_type=\"e-flexbox\" data-e-type=\"e-flexbox\" data-interaction-id=\"9a26589\" data-e-type=\"e-flexbox\" data-id=\"9a26589\">\n\t\t\t\t<div class=\"elementor-element elementor-element-085f676 elementor-widget elementor-widget-text-editor\" data-id=\"085f676\" data-element_type=\"widget\" data-e-type=\"widget\" data-widget_type=\"text-editor.default\">\n\t\t\t\t\t\t\t\t\t<p><b>1.1.<\/b><\/p>\t\t\t\t\t\t\t\t<\/div>\n\t\t\t\t<div class=\"elementor-element elementor-element-50962d0 elementor-widget elementor-widget-text-editor\" data-id=\"50962d0\" data-element_type=\"widget\" data-e-type=\"widget\" data-widget_type=\"text-editor.default\">\n\t\t\t\t\t\t\t\t\t<p>Unternehmenshistorie.<\/p>\t\t\t\t\t\t\t\t<\/div>\n\t\t\t\t<\/div>\n\t\t\t\t<div class=\"elementor-element elementor-element-43ff716 e-con e-atomic-element e-flexbox-base e-43ff716-b828443\" data-id=\"43ff716\" data-element_type=\"e-flexbox\" data-e-type=\"e-flexbox\" data-interaction-id=\"43ff716\" data-e-type=\"e-flexbox\" data-id=\"43ff716\">\n\t\t\t\t<div class=\"elementor-element elementor-element-fee629b elementor-widget elementor-widget-text-editor\" data-id=\"fee629b\" data-element_type=\"widget\" data-e-type=\"widget\" data-widget_type=\"text-editor.default\">\n\t\t\t\t\t\t\t\t\t<p><b>1.2.<\/b><\/p>\t\t\t\t\t\t\t\t<\/div>\n\t\t\t\t<div class=\"elementor-element elementor-element-5de533c elementor-widget elementor-widget-text-editor\" data-id=\"5de533c\" data-element_type=\"widget\" data-e-type=\"widget\" data-widget_type=\"text-editor.default\">\n\t\t\t\t\t\t\t\t\t<p>Land der Firmenregistrierung.<\/p>\t\t\t\t\t\t\t\t<\/div>\n\t\t\t\t<\/div>\n\t\t\t\t<div class=\"elementor-element elementor-element-e6d54f7 e-con e-atomic-element e-flexbox-base e-e6d54f7-f68d500\" data-id=\"e6d54f7\" data-element_type=\"e-flexbox\" data-e-type=\"e-flexbox\" data-interaction-id=\"e6d54f7\" data-e-type=\"e-flexbox\" data-id=\"e6d54f7\">\n\t\t\t\t<div class=\"elementor-element elementor-element-0217580 elementor-widget elementor-widget-text-editor\" data-id=\"0217580\" data-element_type=\"widget\" data-e-type=\"widget\" data-widget_type=\"text-editor.default\">\n\t\t\t\t\t\t\t\t\t<p><b>1.3.<\/b><\/p>\t\t\t\t\t\t\t\t<\/div>\n\t\t\t\t<div class=\"elementor-element elementor-element-f495782 elementor-widget elementor-widget-text-editor\" data-id=\"f495782\" data-element_type=\"widget\" data-e-type=\"widget\" data-widget_type=\"text-editor.default\">\n\t\t\t\t\t\t\t\t\t<p>Geografische Abdeckung.<\/p>\t\t\t\t\t\t\t\t<\/div>\n\t\t\t\t<\/div>\n\t\t\t\t<\/div>\n\t\t\t\t<\/div>\n\t\t\t\t<div class=\"elementor-element elementor-element-4e3a96b e-con e-atomic-element e-flexbox-base e-4e3a96b-f4f7867\" data-id=\"4e3a96b\" data-element_type=\"e-flexbox\" data-e-type=\"e-flexbox\" data-interaction-id=\"4e3a96b\" data-e-type=\"e-flexbox\" data-id=\"4e3a96b\">\n\t\t\t\t<div class=\"elementor-element elementor-element-636d50e elementor-widget elementor-widget-text-editor\" data-id=\"636d50e\" data-element_type=\"widget\" data-e-type=\"widget\" data-widget_type=\"text-editor.default\">\n\t\t\t\t\t\t\t\t\t<p><strong>02 .<\/strong> Sobald der Antrag angenommen wurde, informiert Sie die zust\u00e4ndige Abteilung \u00fcber die erforderlichen Unterlagen und Voraussetzungen zur Fortsetzung des Prozesses.<\/p>\t\t\t\t\t\t\t\t<\/div>\n\t\t\t\t<\/div>\n\t\t\t\t<\/div>\n\t\t\t\t<\/div>\n\t\t\t\t<div class=\"elementor-element elementor-element-069877f e-con e-atomic-element e-flexbox-base e-069877f-5e075d9\" data-id=\"069877f\" data-element_type=\"e-flexbox\" data-e-type=\"e-flexbox\" data-interaction-id=\"069877f\" data-e-type=\"e-flexbox\" data-id=\"069877f\">\n\t\t\t\t<div class=\"elementor-element elementor-element-8bc49cb elementor-widget elementor-widget-heading\" data-id=\"8bc49cb\" data-element_type=\"widget\" data-e-type=\"widget\" data-widget_type=\"heading.default\">\n\t\t\t\t\t<h2 class=\"elementor-heading-title elementor-size-default\">Unsere Korrespondenten<\/h2>\t\t\t\t<\/div>\n\t\t\t\t<div class=\"elementor-element elementor-element-38347c7 e-con e-atomic-element e-flexbox-base e-38347c7-240d788\" data-id=\"38347c7\" data-element_type=\"e-flexbox\" data-e-type=\"e-flexbox\" data-interaction-id=\"38347c7\" data-e-type=\"e-flexbox\" data-id=\"38347c7\">\n\t\t\t\t<div class=\"elementor-element elementor-element-fd7ebb0 e-con e-atomic-element e-flexbox-base e-fd7ebb0-87147c0\" data-id=\"fd7ebb0\" data-element_type=\"e-flexbox\" data-e-type=\"e-flexbox\" data-interaction-id=\"fd7ebb0\" data-e-type=\"e-flexbox\" data-id=\"fd7ebb0\">\n\t\t\t\t<div class=\"elementor-element elementor-element-8154201 e-con e-atomic-element e-flexbox-base e-8154201-211790e\" data-id=\"8154201\" data-element_type=\"e-flexbox\" data-e-type=\"e-flexbox\" data-interaction-id=\"8154201\" data-e-type=\"e-flexbox\" data-id=\"8154201\">\n\t\t\t\t<div class=\"elementor-element elementor-element-e30da0b elementor-widget elementor-widget-heading\" data-id=\"e30da0b\" data-element_type=\"widget\" data-e-type=\"widget\" data-widget_type=\"heading.default\">\n\t\t\t\t\t<h2 class=\"elementor-heading-title elementor-size-default\">Zusammenarbeit mit Banken und Nichtbanken-Institutionen<\/h2>\t\t\t\t<\/div>\n\t\t\t\t<div class=\"elementor-element elementor-element-d544381 elementor-widget elementor-widget-text-editor\" data-id=\"d544381\" data-element_type=\"widget\" data-e-type=\"widget\" data-widget_type=\"text-editor.default\">\n\t\t\t\t\t\t\t\t\t<p>Monty verteilt Transaktionen in den Ziell\u00e4ndern \u00fcber das Korrespondentennetz; wir arbeiten mit renommierten nationalen und internationalen Banken und Nichtbanken zusammen.<br>Monty ist Mitglied von SWIFT (\u00abMNTYESMM\u00bb), was uns erm\u00f6glicht, exzellenten und sofortigen Zahlungsservice zu garantieren, auf Geldw\u00e4sche-Pr\u00e4ventionstools zuzugreifen und uns unter die wichtigsten Unternehmen der Branche zu positionieren.<\/p>\t\t\t\t\t\t\t\t<\/div>\n\t\t\t\t<\/div>\n\t\t\t\t<div class=\"elementor-element elementor-element-4e810f7 e-con e-atomic-element e-flexbox-base e-4e810f7-6a0a5d9\" data-id=\"4e810f7\" data-element_type=\"e-flexbox\" data-e-type=\"e-flexbox\" data-interaction-id=\"4e810f7\" data-e-type=\"e-flexbox\" data-id=\"4e810f7\">\n\t\t\t\t<div class=\"elementor-element elementor-element-9681b93 elementor-widget elementor-widget-heading\" data-id=\"9681b93\" data-element_type=\"widget\" data-e-type=\"widget\" data-widget_type=\"heading.default\">\n\t\t\t\t\t<h2 class=\"elementor-heading-title elementor-size-default\">Unser professionelles Team betreut Kunden und Agenten 365 Tage <\/h2>\t\t\t\t<\/div>\n\t\t\t\t<div class=\"elementor-element elementor-element-3659207 elementor-widget elementor-widget-text-editor\" data-id=\"3659207\" data-element_type=\"widget\" data-e-type=\"widget\" data-widget_type=\"text-editor.default\">\n\t\t\t\t\t\t\t\t\t<p>F\u00fcr einen au\u00dfergew\u00f6hnlichen Service sorgt ein erfahrenes Team, das Kunden und Agenten 365 Tage im Jahr von 9:00 bis 22:00 Uhr in verschiedenen Sprachen (Arabisch, Bulgarisch, Spanisch, Franz\u00f6sisch, Englisch, Portugiesisch, Rum\u00e4nisch, Urdu und Russisch) pers\u00f6nlich unterst\u00fctzt.<\/p>\t\t\t\t\t\t\t\t<\/div>\n\t\t\t\t<\/div>\n\t\t\t\t<div class=\"elementor-element elementor-element-97662aa e-con e-atomic-element e-flexbox-base e-97662aa-b7258e6\" data-id=\"97662aa\" data-element_type=\"e-flexbox\" data-e-type=\"e-flexbox\" data-interaction-id=\"97662aa\" data-e-type=\"e-flexbox\" data-id=\"97662aa\">\n\t\t\t\t<div class=\"elementor-element elementor-element-27c0b8d elementor-widget elementor-widget-heading\" data-id=\"27c0b8d\" data-element_type=\"widget\" data-e-type=\"widget\" data-widget_type=\"heading.default\">\n\t\t\t\t\t<h2 class=\"elementor-heading-title elementor-size-default\">\nSofortiger Informationsaustausch mit unseren Korrespondenten <\/h2>\t\t\t\t<\/div>\n\t\t\t\t<div class=\"elementor-element elementor-element-a6e32fb elementor-widget elementor-widget-text-editor\" data-id=\"a6e32fb\" data-element_type=\"widget\" data-e-type=\"widget\" data-widget_type=\"text-editor.default\">\n\t\t\t\t\t\t\t\t\t<p>Die Integration unserer Systeme erm\u00f6glicht einen direkten Informationsaustausch mit unseren Korrespondenten, sodass wir unsere Kunden jederzeit \u00fcber den Status ihrer Transaktionen informieren k\u00f6nnen.<\/p>\t\t\t\t\t\t\t\t<\/div>\n\t\t\t\t<\/div>\n\t\t\t\t<\/div>\n\t\t\t\t<div class=\"elementor-element elementor-element-502aa0f e-con e-atomic-element e-flexbox-base e-502aa0f-3dc5bbd\" data-id=\"502aa0f\" data-element_type=\"e-flexbox\" data-e-type=\"e-flexbox\" data-interaction-id=\"502aa0f\" data-e-type=\"e-flexbox\" data-id=\"502aa0f\">\n\t\t\t\t<div class=\"elementor-element elementor-element-c6789c4 e-con e-atomic-element e-flexbox-base e-c6789c4-66be72a\" data-id=\"c6789c4\" data-element_type=\"e-flexbox\" data-e-type=\"e-flexbox\" data-interaction-id=\"c6789c4\" data-e-type=\"e-flexbox\" data-id=\"c6789c4\">\n\t\t\t\t<div class=\"elementor-element elementor-element-4b0233c elementor-widget elementor-widget-heading\" data-id=\"4b0233c\" data-element_type=\"widget\" data-e-type=\"widget\" data-widget_type=\"heading.default\">\n\t\t\t\t\t<h2 class=\"elementor-heading-title elementor-size-default\">Rechtskonformit\u00e4t als st\u00e4ndige Verpflichtung<\/h2>\t\t\t\t<\/div>\n\t\t\t\t<div class=\"elementor-element elementor-element-7dbb6de elementor-widget elementor-widget-text-editor\" data-id=\"7dbb6de\" data-element_type=\"widget\" data-e-type=\"widget\" data-widget_type=\"text-editor.default\">\n\t\t\t\t\t\t\t\t\t<p>Wir arbeiten ausschlie\u00dflich mit erstklassigen, solventen und reputationsstarken Einrichtungen zusammen, die alle geltenden Gesetze und Vorschriften in den L\u00e4ndern, in denen wir t\u00e4tig sind, einhalten. Die Einhaltung h\u00f6chster Standards bei Geldw\u00e4schepr\u00e4vention und Terrorismusfinanzierung ist bei unseren Korrespondenten selbstverst\u00e4ndlich. <\/p>\t\t\t\t\t\t\t\t<\/div>\n\t\t\t\t<\/div>\n\t\t\t\t<div class=\"elementor-element elementor-element-825b0c3 e-con e-atomic-element e-flexbox-base e-825b0c3-57da0d6\" data-id=\"825b0c3\" data-element_type=\"e-flexbox\" data-e-type=\"e-flexbox\" data-interaction-id=\"825b0c3\" data-e-type=\"e-flexbox\" data-id=\"825b0c3\">\n\t\t\t\t<div class=\"elementor-element elementor-element-642dae3 elementor-widget__width-inherit elementor-widget elementor-widget-text-editor\" data-id=\"642dae3\" data-element_type=\"widget\" data-e-type=\"widget\" data-widget_type=\"text-editor.default\">\n\t\t\t\t\t\t\t\t\t<div>Zusammenarbeit mit anerkannten, gesetzestreuen Instituten<\/div>\t\t\t\t\t\t\t\t<\/div>\n\t\t\t\t<\/div>\n\t\t\t\t<div class=\"elementor-element elementor-element-88f002c e-con e-atomic-element e-flexbox-base e-88f002c-551c011\" data-id=\"88f002c\" data-element_type=\"e-flexbox\" data-e-type=\"e-flexbox\" data-interaction-id=\"88f002c\" data-e-type=\"e-flexbox\" data-id=\"88f002c\">\n\t\t\t\t<div class=\"elementor-element elementor-element-dd24cdb elementor-widget elementor-widget-heading\" data-id=\"dd24cdb\" data-element_type=\"widget\" data-e-type=\"widget\" data-widget_type=\"heading.default\">\n\t\t\t\t\t<h2 class=\"elementor-heading-title elementor-size-default\">Online-Zahlungsservice in Echtzeit<\/h2>\t\t\t\t<\/div>\n\t\t\t\t<div class=\"elementor-element elementor-element-01961ea elementor-widget elementor-widget-text-editor\" data-id=\"01961ea\" data-element_type=\"widget\" data-e-type=\"widget\" data-widget_type=\"text-editor.default\">\n\t\t\t\t\t\t\t\t\t<p>Wir bieten in den meisten Zahlungsstellen einen Online-Zahlungsservice: Die Echtzeitverbindung mit unseren Korrespondenten erm\u00f6glicht, dass eine Transaktion f\u00fcr den Empf\u00e4nger sofort verf\u00fcgbar ist, sobald sie genehmigt wurde.<\/p>\t\t\t\t\t\t\t\t<\/div>\n\t\t\t\t<\/div>\n\t\t\t\t<\/div>\n\t\t\t\t<\/div>\n\t\t\t\t<\/div>\n\t\t\t\t<\/div>\n\t\t\t\t<\/div>\n\t\t","protected":false},"excerpt":{"rendered":"<p>Korrespondenten Wie man Korrespondent wird Bei Monty verstehen wir Servicequalit\u00e4t als einen Prozess, der beim Kundendienst beginnt und mit der Auszahlung an den Empf\u00e4nger endet. Um einen effektiven und zuverl\u00e4ssigen Service zu gew\u00e4hrleisten, pflegt das Unternehmen enge und transparente Beziehungen zu Finanzinstituten und Zahlungsunternehmen in den Herkunftsl\u00e4ndern unserer Kunden. Dank dieser Partnerschaften bietet Monty schnelle, [&hellip;]<\/p>\n","protected":false},"author":1,"featured_media":0,"parent":0,"menu_order":0,"comment_status":"closed","ping_status":"closed","template":"","meta":{"footnotes":""},"class_list":["post-11938","page","type-page","status-publish","hentry"],"_links":{"self":[{"href":"https:\/\/montyglobal.com\/de\/wp-json\/wp\/v2\/pages\/11938","targetHints":{"allow":["GET"]}}],"collection":[{"href":"https:\/\/montyglobal.com\/de\/wp-json\/wp\/v2\/pages"}],"about":[{"href":"https:\/\/montyglobal.com\/de\/wp-json\/wp\/v2\/types\/page"}],"author":[{"embeddable":true,"href":"https:\/\/montyglobal.com\/de\/wp-json\/wp\/v2\/users\/1"}],"replies":[{"embeddable":true,"href":"https:\/\/montyglobal.com\/de\/wp-json\/wp\/v2\/comments?post=11938"}],"version-history":[{"count":5,"href":"https:\/\/montyglobal.com\/de\/wp-json\/wp\/v2\/pages\/11938\/revisions"}],"predecessor-version":[{"id":19821,"href":"https:\/\/montyglobal.com\/de\/wp-json\/wp\/v2\/pages\/11938\/revisions\/19821"}],"wp:attachment":[{"href":"https:\/\/montyglobal.com\/de\/wp-json\/wp\/v2\/media?parent=11938"}],"curies":[{"name":"wp","href":"https:\/\/api.w.org\/{rel}","templated":true}]}}