{"id":12498,"date":"2025-07-29T13:54:58","date_gmt":"2025-07-29T11:54:58","guid":{"rendered":"http:\/\/localhost\/montyglobal\/canal-de-denonciation\/"},"modified":"2025-10-30T15:25:47","modified_gmt":"2025-10-30T14:25:47","slug":"canal-de-denonciation","status":"publish","type":"page","link":"https:\/\/montyglobal.com\/fr\/canal-de-denonciation\/","title":{"rendered":"Canal de d\u00e9nonciation"},"content":{"rendered":"\t\t<div data-elementor-type=\"wp-page\" data-elementor-id=\"12498\" class=\"elementor elementor-12498 elementor-977\" data-elementor-post-type=\"page\">\n\t\t\t\t<div class=\"elementor-element elementor-element-3749f48 e-con-full e-flex e-con e-parent\" data-id=\"3749f48\" data-element_type=\"container\" data-e-type=\"container\">\n\t\t\t\t<div class=\"elementor-element elementor-element-d6011d7 e-con e-atomic-element e-flexbox-base e-d6011d7-1971d63\" data-id=\"d6011d7\" data-element_type=\"e-flexbox\" data-e-type=\"e-flexbox\" data-interaction-id=\"d6011d7\" data-e-type=\"e-flexbox\" data-id=\"d6011d7\">\n\t\t<div class=\"elementor-element elementor-element-2530465 e-con-full e-flex e-con e-child\" data-id=\"2530465\" data-element_type=\"container\" data-e-type=\"container\">\n\t\t\t\t<div class=\"elementor-element elementor-element-8b5c418 elementor-widget__width-initial elementor-widget-divider--view-line elementor-widget elementor-widget-divider\" data-id=\"8b5c418\" data-element_type=\"widget\" data-e-type=\"widget\" data-widget_type=\"divider.default\">\n\t\t\t\t\t\t\t<div class=\"elementor-divider\">\n\t\t\t<span class=\"elementor-divider-separator\">\n\t\t\t\t\t\t<\/span>\n\t\t<\/div>\n\t\t\t\t\t\t<\/div>\n\t\t\t\t\t\t\t<h2 \n\t\tdata-interaction-id=\"f4749cb\" \n\t\tclass=\"e-f4749cb-422bc00 e-heading-base\" \n\t\t \n\t\tdata-e-type=\"widget\" data-id=\"f4749cb\"\n\t>\n\t\n\t\t\tCanale interne de signalement\n\t\t<\/h2>\n\t\t\t\t<\/div>\n\t\t\t\t<div class=\"elementor-element elementor-element-b63fcd4 elementor-widget__width-inherit elementor-widget elementor-widget-heading\" data-id=\"b63fcd4\" data-element_type=\"widget\" data-e-type=\"widget\" data-widget_type=\"heading.default\">\n\t\t\t\t\t<h2 class=\"elementor-heading-title elementor-size-default\">Canale de d\u00e9nonciation du Groupe Monty &amp; Co<\/h2>\t\t\t\t<\/div>\n\t\t\t\t<\/div>\n\t\t\t\t<div class=\"elementor-element elementor-element-60f6d7d e-con e-atomic-element e-flexbox-base e-60f6d7d-c0b8ccd\" data-id=\"60f6d7d\" data-element_type=\"e-flexbox\" data-e-type=\"e-flexbox\" data-interaction-id=\"60f6d7d\" data-e-type=\"e-flexbox\" data-id=\"60f6d7d\">\n\t\t\t\t<div class=\"elementor-element elementor-element-6a23c96 e-con e-atomic-element e-flexbox-base e-6a23c96-ea2d4cd\" data-id=\"6a23c96\" data-element_type=\"e-flexbox\" data-e-type=\"e-flexbox\" data-interaction-id=\"6a23c96\" data-e-type=\"e-flexbox\" data-id=\"6a23c96\">\n\t\t<div class=\"elementor-element elementor-element-22237b0 e-con-full e-flex e-con e-child\" data-id=\"22237b0\" data-element_type=\"container\" data-e-type=\"container\">\n\t\t\t\t<div class=\"elementor-element elementor-element-274e962 elementor-widget__width-inherit elementor-widget elementor-widget-text-editor\" data-id=\"274e962\" data-element_type=\"widget\" data-e-type=\"widget\" data-widget_type=\"text-editor.default\">\n\t\t\t\t\t\t\t\t\t<p>Chez Monty &amp; Co Group, nous r\u00e9affirmons notre engagement envers l\u2019int\u00e9grit\u00e9, la transparence et le respect de la r\u00e9glementation. Pour cette raison, nous mettons \u00e0 disposition de nos employ\u00e9s, partenaires et agents un Canal interne de d\u00e9nonciation conform\u00e9ment au D\u00e9cret-loi royal 11\/2018 du 31 ao\u00fbt, qui transpose les directives sur la pr\u00e9vention du blanchiment de capitaux et du financement du terrorisme. <\/p>\t\t\t\t\t\t\t\t<\/div>\n\t\t\t\t<div class=\"elementor-element elementor-element-4b4a36e elementor-widget elementor-widget-text-editor\" data-id=\"4b4a36e\" data-element_type=\"widget\" data-e-type=\"widget\" data-widget_type=\"text-editor.default\">\n\t\t\t\t\t\t\t\t\t<p>Ce canal permet de signaler de mani\u00e8re confidentielle et s\u00e9curis\u00e9e toute conduite susceptible de violer:<\/p>\t\t\t\t\t\t\t\t<\/div>\n\t\t\t\t<\/div>\n\t\t\t\t<div class=\"elementor-element elementor-element-84d2dfc e-con e-atomic-element e-flexbox-base e-84d2dfc-3721214\" data-id=\"84d2dfc\" data-element_type=\"e-flexbox\" data-e-type=\"e-flexbox\" data-interaction-id=\"84d2dfc\" data-e-type=\"e-flexbox\" data-id=\"84d2dfc\">\n\t\t\t\t<div class=\"elementor-element elementor-element-deaa7ae e-con e-atomic-element e-flexbox-base e-deaa7ae-5832bb1\" data-id=\"deaa7ae\" data-element_type=\"e-flexbox\" data-e-type=\"e-flexbox\" data-interaction-id=\"deaa7ae\" data-e-type=\"e-flexbox\" data-id=\"deaa7ae\">\n\t\t\t\t<div class=\"elementor-element elementor-element-12e1249 elementor-widget-mobile_extra__width-auto elementor-view-default elementor-widget elementor-widget-icon\" data-id=\"12e1249\" data-element_type=\"widget\" data-e-type=\"widget\" data-widget_type=\"icon.default\">\n\t\t\t\t\t\t\t<div class=\"elementor-icon-wrapper\">\n\t\t\t<div class=\"elementor-icon\">\n\t\t\t<svg aria-hidden=\"true\" class=\"e-font-icon-svg e-fas-circle\" viewBox=\"0 0 512 512\" xmlns=\"http:\/\/www.w3.org\/2000\/svg\"><path d=\"M256 8C119 8 8 119 8 256s111 248 248 248 248-111 248-248S393 8 256 8z\"><\/path><\/svg>\t\t\t<\/div>\n\t\t<\/div>\n\t\t\t\t\t\t<\/div>\n\t\t\t\t<div class=\"elementor-element elementor-element-dc845a2 elementor-widget-mobile_extra__width-inherit elementor-widget elementor-widget-text-editor\" data-id=\"dc845a2\" data-element_type=\"widget\" data-e-type=\"widget\" data-widget_type=\"text-editor.default\">\n\t\t\t\t\t\t\t\t\t<p><strong>Le Code p\u00e9nal.<\/strong><\/p>\t\t\t\t\t\t\t\t<\/div>\n\t\t\t\t<\/div>\n\t\t\t\t<div class=\"elementor-element elementor-element-73ce317 e-con e-atomic-element e-flexbox-base e-73ce317-8df5a7e\" data-id=\"73ce317\" data-element_type=\"e-flexbox\" data-e-type=\"e-flexbox\" data-interaction-id=\"73ce317\" data-e-type=\"e-flexbox\" data-id=\"73ce317\">\n\t\t\t\t<div class=\"elementor-element elementor-element-f75dc8b elementor-widget-mobile_extra__width-auto elementor-view-default elementor-widget elementor-widget-icon\" data-id=\"f75dc8b\" data-element_type=\"widget\" data-e-type=\"widget\" data-widget_type=\"icon.default\">\n\t\t\t\t\t\t\t<div class=\"elementor-icon-wrapper\">\n\t\t\t<div class=\"elementor-icon\">\n\t\t\t<svg aria-hidden=\"true\" class=\"e-font-icon-svg e-fas-circle\" viewBox=\"0 0 512 512\" xmlns=\"http:\/\/www.w3.org\/2000\/svg\"><path d=\"M256 8C119 8 8 119 8 256s111 248 248 248 248-111 248-248S393 8 256 8z\"><\/path><\/svg>\t\t\t<\/div>\n\t\t<\/div>\n\t\t\t\t\t\t<\/div>\n\t\t\t\t<div class=\"elementor-element elementor-element-70e431e elementor-widget-mobile_extra__width-inherit elementor-widget elementor-widget-text-editor\" data-id=\"70e431e\" data-element_type=\"widget\" data-e-type=\"widget\" data-widget_type=\"text-editor.default\">\n\t\t\t\t\t\t\t\t\t<p><strong>Le Code de conduite interne.<\/strong><\/p>\t\t\t\t\t\t\t\t<\/div>\n\t\t\t\t<\/div>\n\t\t\t\t<div class=\"elementor-element elementor-element-d3f9e4a e-con e-atomic-element e-flexbox-base e-d3f9e4a-6a06c56\" data-id=\"d3f9e4a\" data-element_type=\"e-flexbox\" data-e-type=\"e-flexbox\" data-interaction-id=\"d3f9e4a\" data-e-type=\"e-flexbox\" data-id=\"d3f9e4a\">\n\t\t\t\t<div class=\"elementor-element elementor-element-ed55d29 elementor-view-default elementor-widget elementor-widget-icon\" data-id=\"ed55d29\" data-element_type=\"widget\" data-e-type=\"widget\" data-widget_type=\"icon.default\">\n\t\t\t\t\t\t\t<div class=\"elementor-icon-wrapper\">\n\t\t\t<div class=\"elementor-icon\">\n\t\t\t<svg aria-hidden=\"true\" class=\"e-font-icon-svg e-fas-circle\" viewBox=\"0 0 512 512\" xmlns=\"http:\/\/www.w3.org\/2000\/svg\"><path d=\"M256 8C119 8 8 119 8 256s111 248 248 248 248-111 248-248S393 8 256 8z\"><\/path><\/svg>\t\t\t<\/div>\n\t\t<\/div>\n\t\t\t\t\t\t<\/div>\n\t\t\t\t<div class=\"elementor-element elementor-element-bac74d0 elementor-widget-mobile_extra__width-inherit elementor-widget elementor-widget-text-editor\" data-id=\"bac74d0\" data-element_type=\"widget\" data-e-type=\"widget\" data-widget_type=\"text-editor.default\">\n\t\t\t\t\t\t\t\t\t<p><strong>Le Manuel de lutte contre le blanchiment de capitaux et le financement du terrorisme.<\/strong><\/p>\t\t\t\t\t\t\t\t<\/div>\n\t\t\t\t<\/div>\n\t\t\t\t<div class=\"elementor-element elementor-element-d0daf30 e-con e-atomic-element e-flexbox-base e-d0daf30-15f9010\" data-id=\"d0daf30\" data-element_type=\"e-flexbox\" data-e-type=\"e-flexbox\" data-interaction-id=\"d0daf30\" data-e-type=\"e-flexbox\" data-id=\"d0daf30\">\n\t\t\t\t<div class=\"elementor-element elementor-element-c45fb95 elementor-widget-mobile_extra__width-auto elementor-view-default elementor-widget elementor-widget-icon\" data-id=\"c45fb95\" data-element_type=\"widget\" data-e-type=\"widget\" data-widget_type=\"icon.default\">\n\t\t\t\t\t\t\t<div class=\"elementor-icon-wrapper\">\n\t\t\t<div class=\"elementor-icon\">\n\t\t\t<svg aria-hidden=\"true\" class=\"e-font-icon-svg e-fas-circle\" viewBox=\"0 0 512 512\" xmlns=\"http:\/\/www.w3.org\/2000\/svg\"><path d=\"M256 8C119 8 8 119 8 256s111 248 248 248 248-111 248-248S393 8 256 8z\"><\/path><\/svg>\t\t\t<\/div>\n\t\t<\/div>\n\t\t\t\t\t\t<\/div>\n\t\t\t\t<div class=\"elementor-element elementor-element-2b780a7 elementor-widget-mobile_extra__width-inherit elementor-widget elementor-widget-text-editor\" data-id=\"2b780a7\" data-element_type=\"widget\" data-e-type=\"widget\" data-widget_type=\"text-editor.default\">\n\t\t\t\t\t\t\t\t\t<p><strong>D\u2019autres r\u00e8glements internes de l\u2019entreprise.<\/strong><\/p>\t\t\t\t\t\t\t\t<\/div>\n\t\t\t\t<\/div>\n\t\t\t\t<\/div>\n\t\t\t\t<\/div>\n\t\t\t\t<div class=\"elementor-element elementor-element-a7ea0b4 e-con e-atomic-element e-flexbox-base e-a7ea0b4-084c237\" data-id=\"a7ea0b4\" data-element_type=\"e-flexbox\" data-e-type=\"e-flexbox\" data-interaction-id=\"a7ea0b4\" data-e-type=\"e-flexbox\" data-id=\"a7ea0b4\">\n\t\t\t\t<div class=\"elementor-element elementor-element-00eefd0 e-con e-atomic-element e-flexbox-base e-00eefd0-b983916\" data-id=\"00eefd0\" data-element_type=\"e-flexbox\" data-e-type=\"e-flexbox\" data-interaction-id=\"00eefd0\" data-e-type=\"e-flexbox\" data-id=\"00eefd0\">\n\t\t\t\t<div class=\"elementor-element elementor-element-0d744f5 elementor-widget__width-inherit elementor-widget elementor-widget-text-editor\" data-id=\"0d744f5\" data-element_type=\"widget\" data-e-type=\"widget\" data-widget_type=\"text-editor.default\">\n\t\t\t\t\t\t\t\t\t<p>Nous prenons toutes les mesures pour garantir que vous puissiez signaler toute irr\u00e9gularit\u00e9 en toute s\u00e9curit\u00e9 et avec la plus grande confidentialit\u00e9.<\/p>\t\t\t\t\t\t\t\t<\/div>\n\t\t\t\t<\/div>\n\t\t\t\t<\/div>\n\t\t\t\t<\/div>\n\t\t\t\t<div class=\"elementor-element elementor-element-3923c58 e-con e-atomic-element e-flexbox-base e-3923c58-b714b34\" data-id=\"3923c58\" data-element_type=\"e-flexbox\" data-e-type=\"e-flexbox\" data-interaction-id=\"3923c58\" data-e-type=\"e-flexbox\" data-id=\"3923c58\">\n\t\t\t\t<div class=\"elementor-element elementor-element-aaab97f e-con e-atomic-element e-flexbox-base e-aaab97f-438b107\" data-id=\"aaab97f\" data-element_type=\"e-flexbox\" data-e-type=\"e-flexbox\" data-interaction-id=\"aaab97f\" data-e-type=\"e-flexbox\" data-id=\"aaab97f\">\n\t\t\t\t<div class=\"elementor-element elementor-element-644349f e-con e-atomic-element e-flexbox-base e-644349f-4454929\" data-id=\"644349f\" data-element_type=\"e-flexbox\" data-e-type=\"e-flexbox\" data-interaction-id=\"644349f\" data-e-type=\"e-flexbox\" data-id=\"644349f\">\n\t\t\t\t<div class=\"elementor-element elementor-element-0f830eb elementor-widget elementor-widget-heading\" data-id=\"0f830eb\" data-element_type=\"widget\" data-e-type=\"widget\" data-widget_type=\"heading.default\">\n\t\t\t\t\t<h2 class=\"elementor-heading-title elementor-size-default\">Protocole du canal de d\u00e9nonciation<\/h2>\t\t\t\t<\/div>\n\t\t\t\t<div class=\"elementor-element elementor-element-f18a073 elementor-widget elementor-widget-text-editor\" data-id=\"f18a073\" data-element_type=\"widget\" data-e-type=\"widget\" data-widget_type=\"text-editor.default\">\n\t\t\t\t\t\t\t\t\t<p>Nous avons \u00e9tabli un protocole d\u00e9taill\u00e9 qui d\u00e9crit le fonctionnement du canal, les garanties offertes et le processus de gestion des signalements.<\/p>\t\t\t\t\t\t\t\t<\/div>\n\t\t\t\t<\/div>\n\t\t\t\t<div class=\"elementor-element elementor-element-5f6d2fa e-con e-atomic-element e-flexbox-base e-5f6d2fa-bdb8d34\" data-id=\"5f6d2fa\" data-element_type=\"e-flexbox\" data-e-type=\"e-flexbox\" data-interaction-id=\"5f6d2fa\" data-e-type=\"e-flexbox\" data-id=\"5f6d2fa\">\n\t\t\t\t<div class=\"elementor-element elementor-element-7d65db0 elementor-widget elementor-widget-text-editor\" data-id=\"7d65db0\" data-element_type=\"widget\" data-e-type=\"widget\" data-widget_type=\"text-editor.default\">\n\t\t\t\t\t\t\t\t\t<p>Ce protocole assure:<\/p>\t\t\t\t\t\t\t\t<\/div>\n\t\t\t\t<div class=\"elementor-element elementor-element-6a28b49 elementor-widget elementor-widget-text-editor\" data-id=\"6a28b49\" data-element_type=\"widget\" data-e-type=\"widget\" data-widget_type=\"text-editor.default\">\n\t\t\t\t\t\t\t\t\t<ul><li>La confidentialit\u00e9 des signalements.<\/li><li>La possibilit\u00e9 de soumettre des signalements anonymes.<\/li><li>La protection du lanceur d\u2019alerte contre toute repr\u00e9saille.<\/li><li>Une gestion diligente et approfondie des signalements re\u00e7us.<\/li><\/ul>\t\t\t\t\t\t\t\t<\/div>\n\t\t\t\t<\/div>\n\t\t\t\t<div class=\"elementor-element elementor-element-35ba9b4 e-con e-atomic-element e-flexbox-base e-35ba9b4-3bc3db8\" data-id=\"35ba9b4\" data-element_type=\"e-flexbox\" data-e-type=\"e-flexbox\" data-interaction-id=\"35ba9b4\" data-e-type=\"e-flexbox\" data-id=\"35ba9b4\">\n\t\t\t\t<div class=\"elementor-element elementor-element-ac394a8 elementor-widget elementor-widget-text-editor\" data-id=\"ac394a8\" data-element_type=\"widget\" data-e-type=\"widget\" data-widget_type=\"text-editor.default\">\n\t\t\t\t\t\t\t\t\t<p>Vous pouvez t\u00e9l\u00e9charger le document complet ici<\/p>\t\t\t\t\t\t\t\t<\/div>\n\t\t\t\t<a class=\"elementor-element elementor-element-2c6164a e-con e-atomic-element e-flexbox-base e-2c6164a-b02008f\" data-id=\"2c6164a\" data-element_type=\"e-flexbox\" data-e-type=\"e-flexbox\" data-interaction-id=\"2c6164a\" data-e-type=\"e-flexbox\" data-id=\"2c6164a\" href=\"https:\/\/scarbucket.s3.eu-west-3.amazonaws.com\/corporateWeb\/E.%20Canal%20de%20denuncias\/ES%20-%20Protocolo%20Canal%20Denuncias.pdf\" target=\"_blank\">\n\t\t\t\t\t<div class=\"e-faa25b5-1069e37 e-svg-base\" data-interaction-id=\"faa25b5\" data-e-type=\"widget\" data-id=\"faa25b5\"><svg xmlns=\"http:\/\/www.w3.org\/2000\/svg\" style=\"width: 100%; height: 100%; overflow: unset;\" width=\"41\" height=\"41\" viewBox=\"0 0 41 41\" fill=\"currentColor\"><path d=\"M20.5008 1.40918C9.97403 1.40918 1.41016 9.97306 1.41016 20.4998C1.41016 31.0266 9.97403 39.5904 20.5008 39.5904C31.0275 39.5904 39.5914 31.0266 39.5914 20.4998C39.5914 9.97306 31.0275 1.40918 20.5008 1.40918ZM20.5008 37.2842C11.245 37.2842 3.71641 29.7543 3.71641 20.4998C3.71641 11.2453 11.245 3.71543 20.5008 3.71543C29.7565 3.71543 37.2852 11.2453 37.2852 20.4998C37.2852 29.7543 29.7565 37.2842 20.5008 37.2842Z\" fill=\"#36363A\"><\/path><path d=\"M19.6828 24.9396C19.9083 25.1651 20.2043 25.2779 20.499 25.2779C20.7937 25.2779 21.0896 25.1651 21.3151 24.9396L24.1493 22.1055C24.6003 21.6558 24.6003 20.9255 24.1493 20.4758C23.6983 20.0248 22.9679 20.0248 22.5182 20.4758L21.6521 21.3406V13.6121C21.6521 12.9753 21.1357 12.459 20.499 12.459C19.8622 12.459 19.3458 12.9753 19.3458 13.6121V21.3406L18.481 20.4758C18.03 20.0248 17.2997 20.0248 16.85 20.4758C16.399 20.9255 16.399 21.6558 16.85 22.1055L19.6828 24.9396Z\" fill=\"#FF6A00\"><\/path><path d=\"M24.8817 26.2324H16.118C15.4812 26.2324 14.9648 26.7488 14.9648 27.3855C14.9648 28.0223 15.4812 28.5387 16.118 28.5387H24.8817C25.5185 28.5387 26.0348 28.0223 26.0348 27.3855C26.0348 26.7488 25.5185 26.2324 24.8817 26.2324Z\" fill=\"#FF6A00\"><\/path><\/svg><\/div>\t\t\t\t<div class=\"elementor-element elementor-element-b58c406 elementor-widget elementor-widget-text-editor\" data-id=\"b58c406\" data-element_type=\"widget\" data-e-type=\"widget\" data-widget_type=\"text-editor.default\">\n\t\t\t\t\t\t\t\t\t<p>Protocole du canal de d\u00e9nonciation<\/p>\t\t\t\t\t\t\t\t<\/div>\n\t\t\t\t<\/a>\n\t\t\t\t<\/div>\n\t\t\t\t<\/div>\n\t\t\t\t<div class=\"elementor-element elementor-element-862b743 e-con e-atomic-element e-flexbox-base e-862b743-a921634\" data-id=\"862b743\" data-element_type=\"e-flexbox\" data-e-type=\"e-flexbox\" data-interaction-id=\"862b743\" data-e-type=\"e-flexbox\" data-id=\"862b743\">\n\t\t\t\t<div class=\"elementor-element elementor-element-456358e e-con e-atomic-element e-flexbox-base e-456358e-65ad38e\" data-id=\"456358e\" data-element_type=\"e-flexbox\" data-e-type=\"e-flexbox\" data-interaction-id=\"456358e\" data-e-type=\"e-flexbox\" data-id=\"456358e\">\n\t\t\t\t<div class=\"elementor-element elementor-element-a079d6c e-con e-atomic-element e-flexbox-base e-a079d6c-6b725a2\" data-id=\"a079d6c\" data-element_type=\"e-flexbox\" data-e-type=\"e-flexbox\" data-interaction-id=\"a079d6c\" data-e-type=\"e-flexbox\" data-id=\"a079d6c\">\n\t\t\t\t<div class=\"elementor-element elementor-element-6a104b1 elementor-widget elementor-widget-heading\" data-id=\"6a104b1\" data-element_type=\"widget\" data-e-type=\"widget\" data-widget_type=\"heading.default\">\n\t\t\t\t\t<h2 class=\"elementor-heading-title elementor-size-default\">Acc\u00e8s au canal de d\u00e9nonciation<\/h2>\t\t\t\t<\/div>\n\t\t\t\t<div class=\"elementor-element elementor-element-72e807e e-con e-atomic-element e-flexbox-base e-72e807e-596a1ff\" data-id=\"72e807e\" data-element_type=\"e-flexbox\" data-e-type=\"e-flexbox\" data-interaction-id=\"72e807e\" data-e-type=\"e-flexbox\" data-id=\"72e807e\">\n\t\t\t\t<div class=\"elementor-element elementor-element-d98a202 elementor-widget elementor-widget-text-editor\" data-id=\"d98a202\" data-element_type=\"widget\" data-e-type=\"widget\" data-widget_type=\"text-editor.default\">\n\t\t\t\t\t\t\t\t\t<p>Ce canal garantit la confidentialit\u00e9 des signalements et prot\u00e8ge le lanceur d\u2019alerte contre d\u2019\u00e9ventuelles repr\u00e9sailles, favorisant un environnement s\u00fbr et \u00e9thique pour tous les membres de l\u2019organisation.<\/p>\t\t\t\t\t\t\t\t<\/div>\n\t\t\t\t<div class=\"elementor-element elementor-element-409041b elementor-widget elementor-widget-text-editor\" data-id=\"409041b\" data-element_type=\"widget\" data-e-type=\"widget\" data-widget_type=\"text-editor.default\">\n\t\t\t\t\t\t\t\t\t<p>Pour soumettre un signalement, vous pouvez acc\u00e9der au canal en cliquant sur ce bouton:<\/p>\t\t\t\t\t\t\t\t<\/div>\n\t\t\t\t<\/div>\n\t\t\t\t<\/div>\n\t\t\t\t<\/div>\n\t\t\t\t<div class=\"elementor-element elementor-element-889dac9 elementor-align-center elementor-widget elementor-widget-button\" data-id=\"889dac9\" data-element_type=\"widget\" data-e-type=\"widget\" data-widget_type=\"button.default\">\n\t\t\t\t\t\t\t\t\t\t<a class=\"elementor-button elementor-button-link elementor-size-sm\" href=\"https:\/\/sec.canres.eu\/cDkF\" target=\"_blank\">\n\t\t\t\t\t\t<span class=\"elementor-button-content-wrapper\">\n\t\t\t\t\t\t\t\t\t<span class=\"elementor-button-text\">Canal de d\u00e9nonciation du Groupe Monty &amp; Co<\/span>\n\t\t\t\t\t<\/span>\n\t\t\t\t\t<\/a>\n\t\t\t\t\t\t\t\t<\/div>\n\t\t\t\t<\/div>\n\t\t\t\t<\/div>\n\t\t\t\t<\/div>\n\t\t\t\t<\/div>\n\t\t","protected":false},"excerpt":{"rendered":"<p>Canale interne de signalement Canale de d\u00e9nonciation du Groupe Monty &amp; Co Chez Monty &amp; Co Group, nous r\u00e9affirmons notre engagement envers l\u2019int\u00e9grit\u00e9, la transparence et le respect de la r\u00e9glementation. Pour cette raison, nous mettons \u00e0 disposition de nos employ\u00e9s, partenaires et agents un Canal interne de d\u00e9nonciation conform\u00e9ment au D\u00e9cret-loi royal 11\/2018 du [&hellip;]<\/p>\n","protected":false},"author":1,"featured_media":0,"parent":0,"menu_order":0,"comment_status":"closed","ping_status":"closed","template":"elementor_header_footer","meta":{"footnotes":""},"class_list":["post-12498","page","type-page","status-publish","hentry"],"_links":{"self":[{"href":"https:\/\/montyglobal.com\/fr\/wp-json\/wp\/v2\/pages\/12498","targetHints":{"allow":["GET"]}}],"collection":[{"href":"https:\/\/montyglobal.com\/fr\/wp-json\/wp\/v2\/pages"}],"about":[{"href":"https:\/\/montyglobal.com\/fr\/wp-json\/wp\/v2\/types\/page"}],"author":[{"embeddable":true,"href":"https:\/\/montyglobal.com\/fr\/wp-json\/wp\/v2\/users\/1"}],"replies":[{"embeddable":true,"href":"https:\/\/montyglobal.com\/fr\/wp-json\/wp\/v2\/comments?post=12498"}],"version-history":[{"count":0,"href":"https:\/\/montyglobal.com\/fr\/wp-json\/wp\/v2\/pages\/12498\/revisions"}],"wp:attachment":[{"href":"https:\/\/montyglobal.com\/fr\/wp-json\/wp\/v2\/media?parent=12498"}],"curies":[{"name":"wp","href":"https:\/\/api.w.org\/{rel}","templated":true}]}}