{"id":12504,"date":"2025-07-29T13:52:56","date_gmt":"2025-07-29T11:52:56","guid":{"rendered":"http:\/\/localhost\/montyglobal\/correspondents\/"},"modified":"2025-11-04T09:54:50","modified_gmt":"2025-11-04T08:54:50","slug":"correspondents","status":"publish","type":"page","link":"https:\/\/montyglobal.com\/fr\/correspondents\/","title":{"rendered":"Correspondants"},"content":{"rendered":"\t\t<div data-elementor-type=\"wp-page\" data-elementor-id=\"12504\" class=\"elementor elementor-12504 elementor-961\" data-elementor-post-type=\"page\">\n\t\t\t\t<div class=\"elementor-element elementor-element-8574f14 e-con-full e-flex e-con e-parent\" data-id=\"8574f14\" data-element_type=\"container\" data-e-type=\"container\">\n\t\t\t\t<div class=\"elementor-element elementor-element-a001414 e-con e-atomic-element e-flexbox-base e-a001414-e5e3e6c\" data-id=\"a001414\" data-element_type=\"e-flexbox\" data-e-type=\"e-flexbox\" data-interaction-id=\"a001414\" data-e-type=\"e-flexbox\" data-id=\"a001414\">\n\t\t\t\t<div class=\"elementor-element elementor-element-3b442ea e-con e-atomic-element e-flexbox-base e-3b442ea-994f604\" data-id=\"3b442ea\" data-element_type=\"e-flexbox\" data-e-type=\"e-flexbox\" data-interaction-id=\"3b442ea\" data-e-type=\"e-flexbox\" data-id=\"3b442ea\">\n\t\t\t\t<div class=\"elementor-element elementor-element-8fd088f e-con e-atomic-element e-flexbox-base e-8fd088f-2b74f82\" data-id=\"8fd088f\" data-element_type=\"e-flexbox\" data-e-type=\"e-flexbox\" data-interaction-id=\"8fd088f\" data-e-type=\"e-flexbox\" data-id=\"8fd088f\">\n\t\t<div class=\"elementor-element elementor-element-f306648 e-con-full e-flex e-con e-child\" data-id=\"f306648\" data-element_type=\"container\" data-e-type=\"container\">\n\t\t\t\t<div class=\"elementor-element elementor-element-d0bb175 elementor-widget__width-initial elementor-widget-divider--view-line elementor-widget elementor-widget-divider\" data-id=\"d0bb175\" data-element_type=\"widget\" data-e-type=\"widget\" data-widget_type=\"divider.default\">\n\t\t\t\t\t\t\t<div class=\"elementor-divider\">\n\t\t\t<span class=\"elementor-divider-separator\">\n\t\t\t\t\t\t<\/span>\n\t\t<\/div>\n\t\t\t\t\t\t<\/div>\n\t\t\t\t<\/div>\n\t\t\t\t<div class=\"elementor-element elementor-element-c9306e3 e-con e-atomic-element e-flexbox-base e-c9306e3-ad1e34a\" data-id=\"c9306e3\" data-element_type=\"e-flexbox\" data-e-type=\"e-flexbox\" data-interaction-id=\"c9306e3\" data-e-type=\"e-flexbox\" data-id=\"c9306e3\">\n\t\t\t\t<div class=\"elementor-element elementor-element-dbe5929 elementor-widget__width-inherit elementor-widget elementor-widget-heading\" data-id=\"dbe5929\" data-element_type=\"widget\" data-e-type=\"widget\" data-widget_type=\"heading.default\">\n\t\t\t\t\t<h2 class=\"elementor-heading-title elementor-size-default\">Comment devenir correspondant<\/h2>\t\t\t\t<\/div>\n\t\t\t\t<\/div>\n\t\t\t\t<\/div>\n\t\t<div class=\"elementor-element elementor-element-67bb3dc e-con-full e-flex e-con e-child\" data-id=\"67bb3dc\" data-element_type=\"container\" data-e-type=\"container\">\n\t\t\t\t<div class=\"elementor-element elementor-element-fc32168 elementor-widget__width-inherit elementor-widget elementor-widget-text-editor\" data-id=\"fc32168\" data-element_type=\"widget\" data-e-type=\"widget\" data-widget_type=\"text-editor.default\">\n\t\t\t\t\t\t\t\t\t<p>Chez Monty, la qualit\u00e9 de service est un processus complet, de l\u2019accueil client jusqu\u2019au paiement au b\u00e9n\u00e9ficiaire. Pour assurer un service efficace et fiable, nous entretenons des relations \u00e9troites et transparentes avec les institutions financi\u00e8res et fournisseurs de paiement des pays d\u2019origine de nos clients. Ces partenariats permettent \u00e0 Monty d\u2019offrir des services rapides et s\u00e9curis\u00e9s avec des taux comp\u00e9titifs.  <\/p><p>Depuis 2004, elle a d\u00e9velopp\u00e9 un vaste r\u00e9seau de correspondants qui permet d&rsquo;envoyer de l&rsquo;argent dans plus de 130 pays, avec plus de 188 000 points de paiement, principalement \u00e0 remise imm\u00e9diate. <br>Les modes de paiement comprennent les paiements en esp\u00e8ces, les virements bancaires, les paiements par t\u00e9l\u00e9phone portable et portefeuilles \u00e9lectroniques, les paiements par carte de d\u00e9bit et de cr\u00e9dit, les paiements par distributeur automatique de billets (ATM) et la livraison \u00e0 domicile.<\/p>\t\t\t\t\t\t\t\t<\/div>\n\t\t\t\t<\/div>\n\t\t\t\t<\/div>\n\t\t\t\t<div class=\"elementor-element elementor-element-58989e7 e-con e-atomic-element e-flexbox-base e-58989e7-ff743a1\" data-id=\"58989e7\" data-element_type=\"e-flexbox\" data-e-type=\"e-flexbox\" data-interaction-id=\"58989e7\" data-e-type=\"e-flexbox\" data-id=\"58989e7\">\n\t\t\t\t<\/div>\n\t\t\t\t<\/div>\n\t\t\t\t<div class=\"elementor-element elementor-element-c868f61 e-con e-atomic-element e-flexbox-base e-c868f61-d065bd9\" data-id=\"c868f61\" data-element_type=\"e-flexbox\" data-e-type=\"e-flexbox\" data-interaction-id=\"c868f61\" data-e-type=\"e-flexbox\" data-id=\"c868f61\">\n\t\t\t\t<div class=\"elementor-element elementor-element-6467b3b elementor-widget elementor-widget-heading\" data-id=\"6467b3b\" data-element_type=\"widget\" data-e-type=\"widget\" data-widget_type=\"heading.default\">\n\t\t\t\t\t<h2 class=\"elementor-heading-title elementor-size-default\">\u00c9tapes pour devenir correspondant<\/h2>\t\t\t\t<\/div>\n\t\t\t\t<div class=\"elementor-element elementor-element-36c2127 e-con e-atomic-element e-flexbox-base e-36c2127-3b5b742\" data-id=\"36c2127\" data-element_type=\"e-flexbox\" data-e-type=\"e-flexbox\" data-interaction-id=\"36c2127\" data-e-type=\"e-flexbox\" data-id=\"36c2127\">\n\t\t\t\t<div class=\"elementor-element elementor-element-70c8346 e-con e-atomic-element e-flexbox-base e-70c8346-ac1ab54\" data-id=\"70c8346\" data-element_type=\"e-flexbox\" data-e-type=\"e-flexbox\" data-interaction-id=\"70c8346\" data-e-type=\"e-flexbox\" data-id=\"70c8346\">\n\t\t\t\t<div class=\"elementor-element elementor-element-36dbcce elementor-widget elementor-widget-text-editor\" data-id=\"36dbcce\" data-element_type=\"widget\" data-e-type=\"widget\" data-widget_type=\"text-editor.default\">\n\t\t\t\t\t\t\t\t\t<p><strong>01 .<\/strong> Afin d&rsquo;\u00e9valuer votre proposition, veuillez nous envoyer votre demande \u00e0 <a class=\"email-corresponsales\" href=\"mailto:corresponsales@mgpsa.com\">cmm@mgpsa.com<\/a> avec les informations suivantes.<\/p>\t\t\t\t\t\t\t\t<\/div>\n\t\t\t\t<div class=\"elementor-element elementor-element-193ed2b e-con e-atomic-element e-flexbox-base e-193ed2b-68f5633\" data-id=\"193ed2b\" data-element_type=\"e-flexbox\" data-e-type=\"e-flexbox\" data-interaction-id=\"193ed2b\" data-e-type=\"e-flexbox\" data-id=\"193ed2b\">\n\t\t\t\t<div class=\"elementor-element elementor-element-9a26589 e-con e-atomic-element e-flexbox-base e-9a26589-ee9d595\" data-id=\"9a26589\" data-element_type=\"e-flexbox\" data-e-type=\"e-flexbox\" data-interaction-id=\"9a26589\" data-e-type=\"e-flexbox\" data-id=\"9a26589\">\n\t\t\t\t<div class=\"elementor-element elementor-element-085f676 elementor-widget elementor-widget-text-editor\" data-id=\"085f676\" data-element_type=\"widget\" data-e-type=\"widget\" data-widget_type=\"text-editor.default\">\n\t\t\t\t\t\t\t\t\t<p><b>1.1.<\/b><\/p>\t\t\t\t\t\t\t\t<\/div>\n\t\t\t\t<div class=\"elementor-element elementor-element-50962d0 elementor-widget elementor-widget-text-editor\" data-id=\"50962d0\" data-element_type=\"widget\" data-e-type=\"widget\" data-widget_type=\"text-editor.default\">\n\t\t\t\t\t\t\t\t\t<p>Historique de l&rsquo;entreprise.<\/p>\t\t\t\t\t\t\t\t<\/div>\n\t\t\t\t<\/div>\n\t\t\t\t<div class=\"elementor-element elementor-element-43ff716 e-con e-atomic-element e-flexbox-base e-43ff716-b828443\" data-id=\"43ff716\" data-element_type=\"e-flexbox\" data-e-type=\"e-flexbox\" data-interaction-id=\"43ff716\" data-e-type=\"e-flexbox\" data-id=\"43ff716\">\n\t\t\t\t<div class=\"elementor-element elementor-element-fee629b elementor-widget elementor-widget-text-editor\" data-id=\"fee629b\" data-element_type=\"widget\" data-e-type=\"widget\" data-widget_type=\"text-editor.default\">\n\t\t\t\t\t\t\t\t\t<p><b>1.2.<\/b><\/p>\t\t\t\t\t\t\t\t<\/div>\n\t\t\t\t<div class=\"elementor-element elementor-element-5de533c elementor-widget elementor-widget-text-editor\" data-id=\"5de533c\" data-element_type=\"widget\" data-e-type=\"widget\" data-widget_type=\"text-editor.default\">\n\t\t\t\t\t\t\t\t\t<p>Pays d&rsquo;enregistrement de la soci\u00e9t\u00e9.<\/p>\t\t\t\t\t\t\t\t<\/div>\n\t\t\t\t<\/div>\n\t\t\t\t<div class=\"elementor-element elementor-element-e6d54f7 e-con e-atomic-element e-flexbox-base e-e6d54f7-f68d500\" data-id=\"e6d54f7\" data-element_type=\"e-flexbox\" data-e-type=\"e-flexbox\" data-interaction-id=\"e6d54f7\" data-e-type=\"e-flexbox\" data-id=\"e6d54f7\">\n\t\t\t\t<div class=\"elementor-element elementor-element-0217580 elementor-widget elementor-widget-text-editor\" data-id=\"0217580\" data-element_type=\"widget\" data-e-type=\"widget\" data-widget_type=\"text-editor.default\">\n\t\t\t\t\t\t\t\t\t<p><b>1.3.<\/b><\/p>\t\t\t\t\t\t\t\t<\/div>\n\t\t\t\t<div class=\"elementor-element elementor-element-f495782 elementor-widget elementor-widget-text-editor\" data-id=\"f495782\" data-element_type=\"widget\" data-e-type=\"widget\" data-widget_type=\"text-editor.default\">\n\t\t\t\t\t\t\t\t\t<p>La couverture g\u00e9ographique.<\/p>\t\t\t\t\t\t\t\t<\/div>\n\t\t\t\t<\/div>\n\t\t\t\t<\/div>\n\t\t\t\t<\/div>\n\t\t\t\t<div class=\"elementor-element elementor-element-4e3a96b e-con e-atomic-element e-flexbox-base e-4e3a96b-f4f7867\" data-id=\"4e3a96b\" data-element_type=\"e-flexbox\" data-e-type=\"e-flexbox\" data-interaction-id=\"4e3a96b\" data-e-type=\"e-flexbox\" data-id=\"4e3a96b\">\n\t\t\t\t<div class=\"elementor-element elementor-element-636d50e elementor-widget elementor-widget-text-editor\" data-id=\"636d50e\" data-element_type=\"widget\" data-e-type=\"widget\" data-widget_type=\"text-editor.default\">\n\t\t\t\t\t\t\t\t\t<p><strong>02 .<\/strong> Une fois la demande accept\u00e9e, le d\u00e9partement concern\u00e9 vous indiquera la documentation et les exigences n\u00e9cessaires pour poursuivre le processus.<\/p>\t\t\t\t\t\t\t\t<\/div>\n\t\t\t\t<\/div>\n\t\t\t\t<\/div>\n\t\t\t\t<\/div>\n\t\t\t\t<div class=\"elementor-element elementor-element-069877f e-con e-atomic-element e-flexbox-base e-069877f-5e075d9\" data-id=\"069877f\" data-element_type=\"e-flexbox\" data-e-type=\"e-flexbox\" data-interaction-id=\"069877f\" data-e-type=\"e-flexbox\" data-id=\"069877f\">\n\t\t\t\t<div class=\"elementor-element elementor-element-8bc49cb elementor-widget elementor-widget-heading\" data-id=\"8bc49cb\" data-element_type=\"widget\" data-e-type=\"widget\" data-widget_type=\"heading.default\">\n\t\t\t\t\t<h2 class=\"elementor-heading-title elementor-size-default\">Nos correspondants<\/h2>\t\t\t\t<\/div>\n\t\t\t\t<div class=\"elementor-element elementor-element-38347c7 e-con e-atomic-element e-flexbox-base e-38347c7-240d788\" data-id=\"38347c7\" data-element_type=\"e-flexbox\" data-e-type=\"e-flexbox\" data-interaction-id=\"38347c7\" data-e-type=\"e-flexbox\" data-id=\"38347c7\">\n\t\t\t\t<div class=\"elementor-element elementor-element-fd7ebb0 e-con e-atomic-element e-flexbox-base e-fd7ebb0-87147c0\" data-id=\"fd7ebb0\" data-element_type=\"e-flexbox\" data-e-type=\"e-flexbox\" data-interaction-id=\"fd7ebb0\" data-e-type=\"e-flexbox\" data-id=\"fd7ebb0\">\n\t\t\t\t<div class=\"elementor-element elementor-element-8154201 e-con e-atomic-element e-flexbox-base e-8154201-211790e\" data-id=\"8154201\" data-element_type=\"e-flexbox\" data-e-type=\"e-flexbox\" data-interaction-id=\"8154201\" data-e-type=\"e-flexbox\" data-id=\"8154201\">\n\t\t\t\t<div class=\"elementor-element elementor-element-e30da0b elementor-widget elementor-widget-heading\" data-id=\"e30da0b\" data-element_type=\"widget\" data-e-type=\"widget\" data-widget_type=\"heading.default\">\n\t\t\t\t\t<h2 class=\"elementor-heading-title elementor-size-default\">Nous collaborons avec des banques et des institutions non bancaires<\/h2>\t\t\t\t<\/div>\n\t\t\t\t<div class=\"elementor-element elementor-element-d544381 elementor-widget elementor-widget-text-editor\" data-id=\"d544381\" data-element_type=\"widget\" data-e-type=\"widget\" data-widget_type=\"text-editor.default\">\n\t\t\t\t\t\t\t\t\t<p>Monty distribue les transactions dans les pays de destination via son r\u00e9seau de correspondants ; nous collaborons avec des banques et des institutions non bancaires de renom national et international.<br>Monty est membre de SWIFT (code MNTYESMM), ce qui nous permet de garantir un service de paiement excellent et imm\u00e9diat, d&rsquo;acc\u00e9der \u00e0 des outils de pr\u00e9vention du blanchiment d&rsquo;argent et de nous positionner parmi les entreprises les plus importantes du secteur.<\/p>\t\t\t\t\t\t\t\t<\/div>\n\t\t\t\t<\/div>\n\t\t\t\t<div class=\"elementor-element elementor-element-4e810f7 e-con e-atomic-element e-flexbox-base e-4e810f7-6a0a5d9\" data-id=\"4e810f7\" data-element_type=\"e-flexbox\" data-e-type=\"e-flexbox\" data-interaction-id=\"4e810f7\" data-e-type=\"e-flexbox\" data-id=\"4e810f7\">\n\t\t\t\t<div class=\"elementor-element elementor-element-9681b93 elementor-widget elementor-widget-heading\" data-id=\"9681b93\" data-element_type=\"widget\" data-e-type=\"widget\" data-widget_type=\"heading.default\">\n\t\t\t\t\t<h2 class=\"elementor-heading-title elementor-size-default\">Notre \u00e9quipe de professionnels accompagne les clients et les agents 365 jours par an <\/h2>\t\t\t\t<\/div>\n\t\t\t\t<div class=\"elementor-element elementor-element-3659207 elementor-widget elementor-widget-text-editor\" data-id=\"3659207\" data-element_type=\"widget\" data-e-type=\"widget\" data-widget_type=\"text-editor.default\">\n\t\t\t\t\t\t\t\t\t<p>Pour garantir une qualit\u00e9 de service exceptionnelle, nous disposons d\u2019une \u00e9quipe exp\u00e9riment\u00e9e de professionnels offrant une assistance personnalis\u00e9e aux clients et aux agents 365 jours par an, de 9h \u00e0 22h, dans diff\u00e9rentes langues (arabe, bulgare, espagnol, fran\u00e7ais, anglais, portugais, roumain, ourdou et russe).<\/p>\t\t\t\t\t\t\t\t<\/div>\n\t\t\t\t<\/div>\n\t\t\t\t<div class=\"elementor-element elementor-element-97662aa e-con e-atomic-element e-flexbox-base e-97662aa-b7258e6\" data-id=\"97662aa\" data-element_type=\"e-flexbox\" data-e-type=\"e-flexbox\" data-interaction-id=\"97662aa\" data-e-type=\"e-flexbox\" data-id=\"97662aa\">\n\t\t\t\t<div class=\"elementor-element elementor-element-27c0b8d elementor-widget elementor-widget-heading\" data-id=\"27c0b8d\" data-element_type=\"widget\" data-e-type=\"widget\" data-widget_type=\"heading.default\">\n\t\t\t\t\t<h2 class=\"elementor-heading-title elementor-size-default\">\n\u00c9change imm\u00e9diat d\u2019informations avec nos correspondants <\/h2>\t\t\t\t<\/div>\n\t\t\t\t<div class=\"elementor-element elementor-element-a6e32fb elementor-widget elementor-widget-text-editor\" data-id=\"a6e32fb\" data-element_type=\"widget\" data-e-type=\"widget\" data-widget_type=\"text-editor.default\">\n\t\t\t\t\t\t\t\t\t<p>L\u2019agilit\u00e9 et l\u2019int\u00e9gration entre les syst\u00e8mes nous permettent un \u00e9change imm\u00e9diat d\u2019informations avec nos correspondants, ce qui nous permet d\u2019informer nos clients de l\u2019\u00e9tat de leur op\u00e9ration \u00e0 chaque instant.<\/p>\t\t\t\t\t\t\t\t<\/div>\n\t\t\t\t<\/div>\n\t\t\t\t<\/div>\n\t\t\t\t<div class=\"elementor-element elementor-element-502aa0f e-con e-atomic-element e-flexbox-base e-502aa0f-3dc5bbd\" data-id=\"502aa0f\" data-element_type=\"e-flexbox\" data-e-type=\"e-flexbox\" data-interaction-id=\"502aa0f\" data-e-type=\"e-flexbox\" data-id=\"502aa0f\">\n\t\t\t\t<div class=\"elementor-element elementor-element-c6789c4 e-con e-atomic-element e-flexbox-base e-c6789c4-66be72a\" data-id=\"c6789c4\" data-element_type=\"e-flexbox\" data-e-type=\"e-flexbox\" data-interaction-id=\"c6789c4\" data-e-type=\"e-flexbox\" data-id=\"c6789c4\">\n\t\t\t\t<div class=\"elementor-element elementor-element-4b0233c elementor-widget elementor-widget-heading\" data-id=\"4b0233c\" data-element_type=\"widget\" data-e-type=\"widget\" data-widget_type=\"heading.default\">\n\t\t\t\t\t<h2 class=\"elementor-heading-title elementor-size-default\">Le respect de la r\u00e9glementation est une constante<\/h2>\t\t\t\t<\/div>\n\t\t\t\t<div class=\"elementor-element elementor-element-7dbb6de elementor-widget elementor-widget-text-editor\" data-id=\"7dbb6de\" data-element_type=\"widget\" data-e-type=\"widget\" data-widget_type=\"text-editor.default\">\n\t\t\t\t\t\t\t\t\t<p>Nous travaillons exclusivement avec des institutions de premier ordre, \u00e0 la solvabilit\u00e9 et \u00e0 la r\u00e9putation irr\u00e9prochables, qui respectent ann\u00e9e apr\u00e8s ann\u00e9e toutes les lois et normes applicables dans les pays o\u00f9 nous op\u00e9rons. Le respect des normes les plus strictes et des recommandations en mati\u00e8re de pr\u00e9vention et de d\u00e9tection du blanchiment de capitaux et de financement du terrorisme est une constante chez nos correspondants. <\/p>\t\t\t\t\t\t\t\t<\/div>\n\t\t\t\t<\/div>\n\t\t\t\t<div class=\"elementor-element elementor-element-825b0c3 e-con e-atomic-element e-flexbox-base e-825b0c3-57da0d6\" data-id=\"825b0c3\" data-element_type=\"e-flexbox\" data-e-type=\"e-flexbox\" data-interaction-id=\"825b0c3\" data-e-type=\"e-flexbox\" data-id=\"825b0c3\">\n\t\t\t\t<div class=\"elementor-element elementor-element-642dae3 elementor-widget__width-inherit elementor-widget elementor-widget-text-editor\" data-id=\"642dae3\" data-element_type=\"widget\" data-e-type=\"widget\" data-widget_type=\"text-editor.default\">\n\t\t\t\t\t\t\t\t\t<div>Nous travaillons exclusivement avec des entit\u00e9s reconnues pour leur solidit\u00e9 et leur engagement envers la r\u00e9glementation.<\/div>\t\t\t\t\t\t\t\t<\/div>\n\t\t\t\t<\/div>\n\t\t\t\t<div class=\"elementor-element elementor-element-88f002c e-con e-atomic-element e-flexbox-base e-88f002c-551c011\" data-id=\"88f002c\" data-element_type=\"e-flexbox\" data-e-type=\"e-flexbox\" data-interaction-id=\"88f002c\" data-e-type=\"e-flexbox\" data-id=\"88f002c\">\n\t\t\t\t<div class=\"elementor-element elementor-element-dd24cdb elementor-widget elementor-widget-heading\" data-id=\"dd24cdb\" data-element_type=\"widget\" data-e-type=\"widget\" data-widget_type=\"heading.default\">\n\t\t\t\t\t<h2 class=\"elementor-heading-title elementor-size-default\">Service de paiement en ligne en temps r\u00e9el<\/h2>\t\t\t\t<\/div>\n\t\t\t\t<div class=\"elementor-element elementor-element-01961ea elementor-widget elementor-widget-text-editor\" data-id=\"01961ea\" data-element_type=\"widget\" data-e-type=\"widget\" data-widget_type=\"text-editor.default\">\n\t\t\t\t\t\t\t\t\t<p>Nous offrons un service de paiement en ligne dans la majorit\u00e9 des points de paiement : la connexion en temps r\u00e9el avec nos correspondants permet qu\u2019un envoi soit disponible pour le b\u00e9n\u00e9ficiaire d\u00e8s que l\u2019op\u00e9ration est accept\u00e9e.<\/p>\t\t\t\t\t\t\t\t<\/div>\n\t\t\t\t<\/div>\n\t\t\t\t<\/div>\n\t\t\t\t<\/div>\n\t\t\t\t<\/div>\n\t\t\t\t<\/div>\n\t\t\t\t<\/div>\n\t\t","protected":false},"excerpt":{"rendered":"<p>Correspondants Comment devenir correspondant Chez Monty, la qualit\u00e9 de service est un processus complet, de l\u2019accueil client jusqu\u2019au paiement au b\u00e9n\u00e9ficiaire. Pour assurer un service efficace et fiable, nous entretenons des relations \u00e9troites et transparentes avec les institutions financi\u00e8res et fournisseurs de paiement des pays d\u2019origine de nos clients. Ces partenariats permettent \u00e0 Monty d\u2019offrir [&hellip;]<\/p>\n","protected":false},"author":1,"featured_media":0,"parent":0,"menu_order":0,"comment_status":"closed","ping_status":"closed","template":"","meta":{"footnotes":""},"class_list":["post-12504","page","type-page","status-publish","hentry"],"_links":{"self":[{"href":"https:\/\/montyglobal.com\/fr\/wp-json\/wp\/v2\/pages\/12504","targetHints":{"allow":["GET"]}}],"collection":[{"href":"https:\/\/montyglobal.com\/fr\/wp-json\/wp\/v2\/pages"}],"about":[{"href":"https:\/\/montyglobal.com\/fr\/wp-json\/wp\/v2\/types\/page"}],"author":[{"embeddable":true,"href":"https:\/\/montyglobal.com\/fr\/wp-json\/wp\/v2\/users\/1"}],"replies":[{"embeddable":true,"href":"https:\/\/montyglobal.com\/fr\/wp-json\/wp\/v2\/comments?post=12504"}],"version-history":[{"count":4,"href":"https:\/\/montyglobal.com\/fr\/wp-json\/wp\/v2\/pages\/12504\/revisions"}],"predecessor-version":[{"id":19813,"href":"https:\/\/montyglobal.com\/fr\/wp-json\/wp\/v2\/pages\/12504\/revisions\/19813"}],"wp:attachment":[{"href":"https:\/\/montyglobal.com\/fr\/wp-json\/wp\/v2\/media?parent=12504"}],"curies":[{"name":"wp","href":"https:\/\/api.w.org\/{rel}","templated":true}]}}