{"id":12420,"date":"2025-07-29T13:53:27","date_gmt":"2025-07-29T11:53:27","guid":{"rendered":"http:\/\/localhost\/montyglobal\/pevenzione-del-riciclaggio-di-capitale\/"},"modified":"2026-02-11T16:39:51","modified_gmt":"2026-02-11T15:39:51","slug":"pevenzione-del-riciclaggio-di-capitale","status":"publish","type":"page","link":"https:\/\/montyglobal.com\/it\/pevenzione-del-riciclaggio-di-capitale\/","title":{"rendered":"Pevenzione del riciclaggio di denaro"},"content":{"rendered":"\t\t<div data-elementor-type=\"wp-page\" data-elementor-id=\"12420\" class=\"elementor elementor-12420 elementor-965\" data-elementor-post-type=\"page\">\n\t\t\t\t<div class=\"elementor-element elementor-element-7dcef5d e-con-full e-flex e-con e-parent\" data-id=\"7dcef5d\" data-element_type=\"container\" data-e-type=\"container\">\n\t\t\t\t<div class=\"elementor-element elementor-element-7e7af64 e-con e-atomic-element e-flexbox-base e-7e7af64-be15dfa\" data-id=\"7e7af64\" data-element_type=\"e-flexbox\" data-e-type=\"e-flexbox\" data-interaction-id=\"7e7af64\" data-e-type=\"e-flexbox\" data-id=\"7e7af64\">\n\t\t<div class=\"elementor-element elementor-element-50a38ac e-con-full elementor-hidden-mobile_extra elementor-hidden-mobile e-flex e-con e-parent\" data-id=\"50a38ac\" data-element_type=\"container\" data-e-type=\"container\">\n\t\t<div class=\"elementor-element elementor-element-0793f8c e-con-full e-flex e-con e-child\" data-id=\"0793f8c\" data-element_type=\"container\" data-e-type=\"container\">\n\t\t\t\t<div class=\"elementor-element elementor-element-522a947 elementor-widget__width-initial elementor-widget-divider--view-line elementor-widget elementor-widget-divider\" data-id=\"522a947\" data-element_type=\"widget\" data-e-type=\"widget\" data-widget_type=\"divider.default\">\n\t\t\t\t\t\t\t<div class=\"elementor-divider\">\n\t\t\t<span class=\"elementor-divider-separator\">\n\t\t\t\t\t\t<\/span>\n\t\t<\/div>\n\t\t\t\t\t\t<\/div>\n\t\t\t\t<\/div>\n\t\t\t\t<div class=\"elementor-element elementor-element-0e34731 elementor-widget__width-inherit elementor-widget elementor-widget-heading\" data-id=\"0e34731\" data-element_type=\"widget\" data-e-type=\"widget\" data-widget_type=\"heading.default\">\n\t\t\t\t\t<h2 class=\"elementor-heading-title elementor-size-default\"><b class=\"titulo-blanqueo\">Difesa attiva contro il riciclaggio<\/b><br>e il finanziamento del terrorismo<\/h2>\t\t\t\t<\/div>\n\t\t\t\t<\/div>\n\t\t<div class=\"elementor-element elementor-element-6240eb1 e-con-full elementor-hidden-desktop elementor-hidden-laptop elementor-hidden-tablet_extra elementor-hidden-tablet e-flex e-con e-parent\" data-id=\"6240eb1\" data-element_type=\"container\" data-e-type=\"container\">\n\t\t<div class=\"elementor-element elementor-element-afec906 e-con-full e-flex e-con e-child\" data-id=\"afec906\" data-element_type=\"container\" data-e-type=\"container\">\n\t\t\t\t<div class=\"elementor-element elementor-element-1295e9b elementor-widget__width-initial elementor-widget-divider--view-line elementor-widget elementor-widget-divider\" data-id=\"1295e9b\" data-element_type=\"widget\" data-e-type=\"widget\" data-widget_type=\"divider.default\">\n\t\t\t\t\t\t\t<div class=\"elementor-divider\">\n\t\t\t<span class=\"elementor-divider-separator\">\n\t\t\t\t\t\t<\/span>\n\t\t<\/div>\n\t\t\t\t\t\t<\/div>\n\t\t\t\t<\/div>\n\t\t\t\t<div class=\"elementor-element elementor-element-58f4ac9 elementor-widget__width-inherit elementor-widget elementor-widget-heading\" data-id=\"58f4ac9\" data-element_type=\"widget\" data-e-type=\"widget\" data-widget_type=\"heading.default\">\n\t\t\t\t\t<h2 class=\"elementor-heading-title elementor-size-default\"><b class=\"titulo-blanqueo\">Difesa attiva contro il riciclaggio<\/b>\ne il finanziamento del terrorismo<\/h2>\t\t\t\t<\/div>\n\t\t\t\t<\/div>\n\t\t\t\t<div class=\"elementor-element elementor-element-0880a54 e-con e-atomic-element e-flexbox-base e-0880a54-759ceb2\" data-id=\"0880a54\" data-element_type=\"e-flexbox\" data-e-type=\"e-flexbox\" data-interaction-id=\"0880a54\" data-e-type=\"e-flexbox\" data-id=\"0880a54\">\n\t\t\t\t<div class=\"elementor-element elementor-element-6e8b7f6 e-con e-atomic-element e-flexbox-base e-6e8b7f6-6337267\" data-id=\"6e8b7f6\" data-element_type=\"e-flexbox\" data-e-type=\"e-flexbox\" data-interaction-id=\"6e8b7f6\" data-e-type=\"e-flexbox\" data-id=\"6e8b7f6\">\n\t\t<div class=\"elementor-element elementor-element-dda2320 e-con-full e-flex e-con e-child\" data-id=\"dda2320\" data-element_type=\"container\" data-e-type=\"container\">\n\t\t\t\t<div class=\"elementor-element elementor-element-c8c01e3 elementor-widget__width-inherit elementor-widget elementor-widget-text-editor\" data-id=\"c8c01e3\" data-element_type=\"widget\" data-e-type=\"widget\" data-widget_type=\"text-editor.default\">\n\t\t\t\t\t\t\t\t\t<p>In Monty Global Payments, gli impegni verso i clienti vanno ben oltre la semplice prestazione di un servizio. L&#8217;azienda comprende che inviare denaro \u00e8 un atto di fiducia, una necessit\u00e0 urgente o persino un modo per prendersi cura di chi \u00e8 lontano. Per questo, ogni dettaglio della nostra operazione \u00e8 studiato per offrire un&#8217;esperienza sicura, trasparente e vicina. <\/p>\t\t\t\t\t\t\t\t<\/div>\n\t\t\t\t<\/div>\n\t\t\t\t<\/div>\n\t\t\t\t<div class=\"elementor-element elementor-element-17246c0 e-con e-atomic-element e-flexbox-base e-17246c0-db01a83\" data-id=\"17246c0\" data-element_type=\"e-flexbox\" data-e-type=\"e-flexbox\" data-interaction-id=\"17246c0\" data-e-type=\"e-flexbox\" data-id=\"17246c0\">\n\t\t\t\t<div class=\"elementor-element elementor-element-73b71d5 e-con e-atomic-element e-flexbox-base e-73b71d5-cafcc76\" data-id=\"73b71d5\" data-element_type=\"e-flexbox\" data-e-type=\"e-flexbox\" data-interaction-id=\"73b71d5\" data-e-type=\"e-flexbox\" data-id=\"73b71d5\">\n\t\t\t\t<div class=\"elementor-element elementor-element-0f38a8d elementor-widget__width-inherit elementor-widget elementor-widget-text-editor\" data-id=\"0f38a8d\" data-element_type=\"widget\" data-e-type=\"widget\" data-widget_type=\"text-editor.default\">\n\t\t\t\t\t\t\t\t\t<p>Il nostro impegno rigoroso per la legalit\u00e0 protegge tutti i nostri clienti e l&#8217;intero sistema finanziario globale.<\/p>\t\t\t\t\t\t\t\t<\/div>\n\t\t\t\t<\/div>\n\t\t\t\t<\/div>\n\t\t\t\t<\/div>\n\t\t\t\t<\/div>\n\t\t\t\t<div class=\"elementor-element elementor-element-0570874 e-con e-atomic-element e-flexbox-base e-0570874-706b782\" data-id=\"0570874\" data-element_type=\"e-flexbox\" data-e-type=\"e-flexbox\" data-interaction-id=\"0570874\" data-e-type=\"e-flexbox\" data-id=\"0570874\">\n\t\t\t\t\t\n<hr class=\"e-6ba1aff-10ab2f3 e-divider-base\" data-interaction-id=\"6ba1aff\"  data-e-type=\"widget\" data-id=\"6ba1aff\" \/>\n\t\t\t\t<\/div>\n\t\t\t\t<div class=\"elementor-element elementor-element-f715933 e-con e-atomic-element e-flexbox-base e-f715933-fcad64d\" data-id=\"f715933\" data-element_type=\"e-flexbox\" data-e-type=\"e-flexbox\" data-interaction-id=\"f715933\" data-e-type=\"e-flexbox\" data-id=\"f715933\">\n\t\t\t\t<div class=\"elementor-element elementor-element-7ccab0f e-con e-atomic-element e-flexbox-base e-7ccab0f-2b9a557\" data-id=\"7ccab0f\" data-element_type=\"e-flexbox\" data-e-type=\"e-flexbox\" data-interaction-id=\"7ccab0f\" data-e-type=\"e-flexbox\" data-id=\"7ccab0f\">\n\t\t\t\t<div class=\"elementor-element elementor-element-08196eb elementor-widget elementor-widget-heading\" data-id=\"08196eb\" data-element_type=\"widget\" data-e-type=\"widget\" data-widget_type=\"heading.default\">\n\t\t\t\t\t<h2 class=\"elementor-heading-title elementor-size-default\">Quadro normativo<\/h2>\t\t\t\t<\/div>\n\t\t\t\t<div class=\"elementor-element elementor-element-11469c7 elementor-widget elementor-widget-text-editor\" data-id=\"11469c7\" data-element_type=\"widget\" data-e-type=\"widget\" data-widget_type=\"text-editor.default\">\n\t\t\t\t\t\t\t\t\t<p>Rispettiamo rigorosamente il Decreto Legislativo 231\/2007, che attua la Direttiva 2005\/60\/CE del Parlamento Europeo e del Consiglio. Questa normativa stabilisce gli obblighi che devono essere rispettati dai soggetti obbligati in base alla loro attivit\u00e0, in materia di Prevenzione del Riciclaggio di Capitale e del Finanziamento del Terrorismo. <\/p>\t\t\t\t\t\t\t\t<\/div>\n\t\t\t\t<\/div>\n\t\t\t\t<div class=\"elementor-element elementor-element-b6c1ebd e-con e-atomic-element e-flexbox-base e-b6c1ebd-dbd26f1\" data-id=\"b6c1ebd\" data-element_type=\"e-flexbox\" data-e-type=\"e-flexbox\" data-interaction-id=\"b6c1ebd\" data-e-type=\"e-flexbox\" data-id=\"b6c1ebd\">\n\t\t\t\t<div class=\"elementor-element elementor-element-b6fb935 elementor-widget elementor-widget-heading\" data-id=\"b6fb935\" data-element_type=\"widget\" data-e-type=\"widget\" data-widget_type=\"heading.default\">\n\t\t\t\t\t<h2 class=\"elementor-heading-title elementor-size-default\">Sistema di Prevenzione e Controllo<\/h2>\t\t\t\t<\/div>\n\t\t\t\t<div class=\"elementor-element elementor-element-ee4b4c7 elementor-widget elementor-widget-text-editor\" data-id=\"ee4b4c7\" data-element_type=\"widget\" data-e-type=\"widget\" data-widget_type=\"text-editor.default\">\n\t\t\t\t\t\t\t\t\t<p>Disponiamo di un\u2019Area di Audit e Compliance specializzata nell\u2019individuare operazioni sospette e segnalarle alle autorit\u00e0 competenti. Il nostro quadro globale di prevenzione include: <\/p>\t\t\t\t\t\t\t\t<\/div>\n\t\t\t\t<\/div>\n\t\t\t\t<div class=\"elementor-element elementor-element-5212e60 e-con e-atomic-element e-flexbox-base e-5212e60-32819fa\" data-id=\"5212e60\" data-element_type=\"e-flexbox\" data-e-type=\"e-flexbox\" data-interaction-id=\"5212e60\" data-e-type=\"e-flexbox\" data-id=\"5212e60\">\n\t\t\t\t<div class=\"elementor-element elementor-element-c0d94b4 e-con e-atomic-element e-flexbox-base e-c0d94b4-b3e5466\" data-id=\"c0d94b4\" data-element_type=\"e-flexbox\" data-e-type=\"e-flexbox\" data-interaction-id=\"c0d94b4\" data-e-type=\"e-flexbox\" data-id=\"c0d94b4\">\n\t\t\t\t<div class=\"elementor-element elementor-element-e207c28 e-con e-atomic-element e-flexbox-base e-e207c28-5ee3673\" data-id=\"e207c28\" data-element_type=\"e-flexbox\" data-e-type=\"e-flexbox\" data-interaction-id=\"e207c28\" data-e-type=\"e-flexbox\" data-id=\"e207c28\">\n\t\t\t\t<div class=\"elementor-element elementor-element-62bd718 elementor-widget-mobile_extra__width-auto elementor-view-default elementor-widget elementor-widget-icon\" data-id=\"62bd718\" data-element_type=\"widget\" data-e-type=\"widget\" data-widget_type=\"icon.default\">\n\t\t\t\t\t\t\t<div class=\"elementor-icon-wrapper\">\n\t\t\t<div class=\"elementor-icon\">\n\t\t\t<svg aria-hidden=\"true\" class=\"e-font-icon-svg e-fas-circle\" viewBox=\"0 0 512 512\" xmlns=\"http:\/\/www.w3.org\/2000\/svg\"><path d=\"M256 8C119 8 8 119 8 256s111 248 248 248 248-111 248-248S393 8 256 8z\"><\/path><\/svg>\t\t\t<\/div>\n\t\t<\/div>\n\t\t\t\t\t\t<\/div>\n\t\t\t\t<div class=\"elementor-element elementor-element-3336a56 elementor-widget-mobile_extra__width-inherit elementor-widget elementor-widget-text-editor\" data-id=\"3336a56\" data-element_type=\"widget\" data-e-type=\"widget\" data-widget_type=\"text-editor.default\">\n\t\t\t\t\t\t\t\t\t<p><strong>Politica di identificazione e accettazione dei clienti: <\/strong>Applichiamo procedure rigorose per conoscere i nostri clienti e valutare il loro profilo di rischio.<\/p>\t\t\t\t\t\t\t\t<\/div>\n\t\t\t\t<\/div>\n\t\t\t\t<div class=\"elementor-element elementor-element-5a3d938 e-con e-atomic-element e-flexbox-base e-5a3d938-6a5c102\" data-id=\"5a3d938\" data-element_type=\"e-flexbox\" data-e-type=\"e-flexbox\" data-interaction-id=\"5a3d938\" data-e-type=\"e-flexbox\" data-id=\"5a3d938\">\n\t\t\t\t<div class=\"elementor-element elementor-element-607b677 elementor-widget-mobile_extra__width-auto elementor-view-default elementor-widget elementor-widget-icon\" data-id=\"607b677\" data-element_type=\"widget\" data-e-type=\"widget\" data-widget_type=\"icon.default\">\n\t\t\t\t\t\t\t<div class=\"elementor-icon-wrapper\">\n\t\t\t<div class=\"elementor-icon\">\n\t\t\t<svg aria-hidden=\"true\" class=\"e-font-icon-svg e-fas-circle\" viewBox=\"0 0 512 512\" xmlns=\"http:\/\/www.w3.org\/2000\/svg\"><path d=\"M256 8C119 8 8 119 8 256s111 248 248 248 248-111 248-248S393 8 256 8z\"><\/path><\/svg>\t\t\t<\/div>\n\t\t<\/div>\n\t\t\t\t\t\t<\/div>\n\t\t\t\t<div class=\"elementor-element elementor-element-40030ef elementor-widget-mobile_extra__width-inherit elementor-widget elementor-widget-text-editor\" data-id=\"40030ef\" data-element_type=\"widget\" data-e-type=\"widget\" data-widget_type=\"text-editor.default\">\n\t\t\t\t\t\t\t\t\t<p><strong>Approccio basato sul rischio (Risk-Based Approach): <\/strong>Classifichiamo i clienti secondo il loro livello di rischio per applicare misure proporzionate di due diligence.<\/p>\t\t\t\t\t\t\t\t<\/div>\n\t\t\t\t<\/div>\n\t\t\t\t<div class=\"elementor-element elementor-element-96d7d08 e-con e-atomic-element e-flexbox-base e-96d7d08-61cb388\" data-id=\"96d7d08\" data-element_type=\"e-flexbox\" data-e-type=\"e-flexbox\" data-interaction-id=\"96d7d08\" data-e-type=\"e-flexbox\" data-id=\"96d7d08\">\n\t\t\t\t<div class=\"elementor-element elementor-element-8261bdd elementor-widget-mobile_extra__width-auto elementor-view-default elementor-widget elementor-widget-icon\" data-id=\"8261bdd\" data-element_type=\"widget\" data-e-type=\"widget\" data-widget_type=\"icon.default\">\n\t\t\t\t\t\t\t<div class=\"elementor-icon-wrapper\">\n\t\t\t<div class=\"elementor-icon\">\n\t\t\t<svg aria-hidden=\"true\" class=\"e-font-icon-svg e-fas-circle\" viewBox=\"0 0 512 512\" xmlns=\"http:\/\/www.w3.org\/2000\/svg\"><path d=\"M256 8C119 8 8 119 8 256s111 248 248 248 248-111 248-248S393 8 256 8z\"><\/path><\/svg>\t\t\t<\/div>\n\t\t<\/div>\n\t\t\t\t\t\t<\/div>\n\t\t\t\t<div class=\"elementor-element elementor-element-98bccf1 elementor-widget-mobile_extra__width-inherit elementor-widget elementor-widget-text-editor\" data-id=\"98bccf1\" data-element_type=\"widget\" data-e-type=\"widget\" data-widget_type=\"text-editor.default\">\n\t\t\t\t\t\t\t\t\t<p><strong>Divieto di conti anonimi:<\/strong> Non consentiamo l\u2019esistenza di conti di pagamento anonimi.<\/p>\t\t\t\t\t\t\t\t<\/div>\n\t\t\t\t<\/div>\n\t\t\t\t<div class=\"elementor-element elementor-element-12b9f98 e-con e-atomic-element e-flexbox-base e-12b9f98-bef0514\" data-id=\"12b9f98\" data-element_type=\"e-flexbox\" data-e-type=\"e-flexbox\" data-interaction-id=\"12b9f98\" data-e-type=\"e-flexbox\" data-id=\"12b9f98\">\n\t\t\t\t<div class=\"elementor-element elementor-element-087fbfa elementor-widget-mobile_extra__width-auto elementor-view-default elementor-widget elementor-widget-icon\" data-id=\"087fbfa\" data-element_type=\"widget\" data-e-type=\"widget\" data-widget_type=\"icon.default\">\n\t\t\t\t\t\t\t<div class=\"elementor-icon-wrapper\">\n\t\t\t<div class=\"elementor-icon\">\n\t\t\t<svg aria-hidden=\"true\" class=\"e-font-icon-svg e-fas-circle\" viewBox=\"0 0 512 512\" xmlns=\"http:\/\/www.w3.org\/2000\/svg\"><path d=\"M256 8C119 8 8 119 8 256s111 248 248 248 248-111 248-248S393 8 256 8z\"><\/path><\/svg>\t\t\t<\/div>\n\t\t<\/div>\n\t\t\t\t\t\t<\/div>\n\t\t\t\t<div class=\"elementor-element elementor-element-de1fb98 elementor-widget-mobile_extra__width-inherit elementor-widget elementor-widget-text-editor\" data-id=\"de1fb98\" data-element_type=\"widget\" data-e-type=\"widget\" data-widget_type=\"text-editor.default\">\n\t\t\t\t\t\t\t\t\t<p><strong>Rilevazione e analisi delle operazioni sospette:<\/strong> Disponiamo di sistemi aggiornati per identificare e analizzare operazioni sospette.<\/p>\t\t\t\t\t\t\t\t<\/div>\n\t\t\t\t<\/div>\n\t\t\t\t<\/div>\n\t\t\t\t<div class=\"elementor-element elementor-element-74f4aa7 e-con e-atomic-element e-flexbox-base e-74f4aa7-e810371\" data-id=\"74f4aa7\" data-element_type=\"e-flexbox\" data-e-type=\"e-flexbox\" data-interaction-id=\"74f4aa7\" data-e-type=\"e-flexbox\" data-id=\"74f4aa7\">\n\t\t\t\t<div class=\"elementor-element elementor-element-93eb94a e-con e-atomic-element e-flexbox-base e-93eb94a-b0849c8\" data-id=\"93eb94a\" data-element_type=\"e-flexbox\" data-e-type=\"e-flexbox\" data-interaction-id=\"93eb94a\" data-e-type=\"e-flexbox\" data-id=\"93eb94a\">\n\t\t\t\t<div class=\"elementor-element elementor-element-5e88f37 elementor-widget-mobile_extra__width-auto elementor-view-default elementor-widget elementor-widget-icon\" data-id=\"5e88f37\" data-element_type=\"widget\" data-e-type=\"widget\" data-widget_type=\"icon.default\">\n\t\t\t\t\t\t\t<div class=\"elementor-icon-wrapper\">\n\t\t\t<div class=\"elementor-icon\">\n\t\t\t<svg aria-hidden=\"true\" class=\"e-font-icon-svg e-fas-circle\" viewBox=\"0 0 512 512\" xmlns=\"http:\/\/www.w3.org\/2000\/svg\"><path d=\"M256 8C119 8 8 119 8 256s111 248 248 248 248-111 248-248S393 8 256 8z\"><\/path><\/svg>\t\t\t<\/div>\n\t\t<\/div>\n\t\t\t\t\t\t<\/div>\n\t\t\t\t<div class=\"elementor-element elementor-element-1a8d45a elementor-widget-mobile_extra__width-inherit elementor-widget elementor-widget-text-editor\" data-id=\"1a8d45a\" data-element_type=\"widget\" data-e-type=\"widget\" data-widget_type=\"text-editor.default\">\n\t\t\t\t\t\t\t\t\t<p><strong>Formazione continua: <\/strong>Sviluppiamo programmi permanenti di formazione e comunicazione interna per i nostri dipendenti.<\/p>\t\t\t\t\t\t\t\t<\/div>\n\t\t\t\t<\/div>\n\t\t\t\t<div class=\"elementor-element elementor-element-0d77f09 e-con e-atomic-element e-flexbox-base e-0d77f09-614528c\" data-id=\"0d77f09\" data-element_type=\"e-flexbox\" data-e-type=\"e-flexbox\" data-interaction-id=\"0d77f09\" data-e-type=\"e-flexbox\" data-id=\"0d77f09\">\n\t\t\t\t<div class=\"elementor-element elementor-element-577d508 elementor-widget-mobile_extra__width-auto elementor-view-default elementor-widget elementor-widget-icon\" data-id=\"577d508\" data-element_type=\"widget\" data-e-type=\"widget\" data-widget_type=\"icon.default\">\n\t\t\t\t\t\t\t<div class=\"elementor-icon-wrapper\">\n\t\t\t<div class=\"elementor-icon\">\n\t\t\t<svg aria-hidden=\"true\" class=\"e-font-icon-svg e-fas-circle\" viewBox=\"0 0 512 512\" xmlns=\"http:\/\/www.w3.org\/2000\/svg\"><path d=\"M256 8C119 8 8 119 8 256s111 248 248 248 248-111 248-248S393 8 256 8z\"><\/path><\/svg>\t\t\t<\/div>\n\t\t<\/div>\n\t\t\t\t\t\t<\/div>\n\t\t\t\t<div class=\"elementor-element elementor-element-b9deadc elementor-widget-mobile_extra__width-inherit elementor-widget elementor-widget-text-editor\" data-id=\"b9deadc\" data-element_type=\"widget\" data-e-type=\"widget\" data-widget_type=\"text-editor.default\">\n\t\t\t\t\t\t\t\t\t<p><strong>Audit interni ed esterni:<\/strong> Effettuiamo revisioni periodiche per garantire il rispetto degli standard pi\u00f9 elevati.<\/p>\t\t\t\t\t\t\t\t<\/div>\n\t\t\t\t<\/div>\n\t\t\t\t<div class=\"elementor-element elementor-element-4f811f4 e-con e-atomic-element e-flexbox-base e-4f811f4-858afb2\" data-id=\"4f811f4\" data-element_type=\"e-flexbox\" data-e-type=\"e-flexbox\" data-interaction-id=\"4f811f4\" data-e-type=\"e-flexbox\" data-id=\"4f811f4\">\n\t\t\t\t<div class=\"elementor-element elementor-element-3c74319 elementor-widget-mobile_extra__width-auto elementor-view-default elementor-widget elementor-widget-icon\" data-id=\"3c74319\" data-element_type=\"widget\" data-e-type=\"widget\" data-widget_type=\"icon.default\">\n\t\t\t\t\t\t\t<div class=\"elementor-icon-wrapper\">\n\t\t\t<div class=\"elementor-icon\">\n\t\t\t<svg aria-hidden=\"true\" class=\"e-font-icon-svg e-fas-circle\" viewBox=\"0 0 512 512\" xmlns=\"http:\/\/www.w3.org\/2000\/svg\"><path d=\"M256 8C119 8 8 119 8 256s111 248 248 248 248-111 248-248S393 8 256 8z\"><\/path><\/svg>\t\t\t<\/div>\n\t\t<\/div>\n\t\t\t\t\t\t<\/div>\n\t\t\t\t<div class=\"elementor-element elementor-element-208db4a elementor-widget-mobile_extra__width-inherit elementor-widget elementor-widget-text-editor\" data-id=\"208db4a\" data-element_type=\"widget\" data-e-type=\"widget\" data-widget_type=\"text-editor.default\">\n\t\t\t\t\t\t\t\t\t<p><strong>Strumenti tecnologici avanzati: <\/strong>Utilizziamo tecnologia all\u2019avanguardia per rilevare frodi e gestire alert in modo efficiente.<\/p>\t\t\t\t\t\t\t\t<\/div>\n\t\t\t\t<\/div>\n\t\t\t\t<div class=\"elementor-element elementor-element-e9dc37e e-con e-atomic-element e-flexbox-base e-e9dc37e-523f183\" data-id=\"e9dc37e\" data-element_type=\"e-flexbox\" data-e-type=\"e-flexbox\" data-interaction-id=\"e9dc37e\" data-e-type=\"e-flexbox\" data-id=\"e9dc37e\">\n\t\t\t\t<div class=\"elementor-element elementor-element-0b8e898 elementor-widget-mobile_extra__width-auto elementor-view-default elementor-widget elementor-widget-icon\" data-id=\"0b8e898\" data-element_type=\"widget\" data-e-type=\"widget\" data-widget_type=\"icon.default\">\n\t\t\t\t\t\t\t<div class=\"elementor-icon-wrapper\">\n\t\t\t<div class=\"elementor-icon\">\n\t\t\t<svg aria-hidden=\"true\" class=\"e-font-icon-svg e-fas-circle\" viewBox=\"0 0 512 512\" xmlns=\"http:\/\/www.w3.org\/2000\/svg\"><path d=\"M256 8C119 8 8 119 8 256s111 248 248 248 248-111 248-248S393 8 256 8z\"><\/path><\/svg>\t\t\t<\/div>\n\t\t<\/div>\n\t\t\t\t\t\t<\/div>\n\t\t\t\t<div class=\"elementor-element elementor-element-2dc0dd9 elementor-widget-mobile_extra__width-inherit elementor-widget elementor-widget-text-editor\" data-id=\"2dc0dd9\" data-element_type=\"widget\" data-e-type=\"widget\" data-widget_type=\"text-editor.default\">\n\t\t\t\t\t\t\t\t\t<p><strong>Struttura organizzativa solida:<\/strong> La nostra organizzazione consente l\u2019applicazione efficace delle politiche interne e della normativa vigente a tutti i livelli.<\/p>\t\t\t\t\t\t\t\t<\/div>\n\t\t\t\t<\/div>\n\t\t\t\t<\/div>\n\t\t\t\t<\/div>\n\t\t\t\t<\/div>\n\t\t\t\t<div class=\"elementor-element elementor-element-7b1a260 e-con e-atomic-element e-flexbox-base e-7b1a260-1a9e4d3\" data-id=\"7b1a260\" data-element_type=\"e-flexbox\" data-e-type=\"e-flexbox\" data-interaction-id=\"7b1a260\" data-e-type=\"e-flexbox\" data-id=\"7b1a260\">\n\t\t\t\t<div class=\"elementor-element elementor-element-7b8e7e3 elementor-widget elementor-widget-heading\" data-id=\"7b8e7e3\" data-element_type=\"widget\" data-e-type=\"widget\" data-widget_type=\"heading.default\">\n\t\t\t\t\t<h2 class=\"elementor-heading-title elementor-size-default\">Comunicazione con le Autorit\u00e0<\/h2>\t\t\t\t<\/div>\n\t\t\t\t<div class=\"elementor-element elementor-element-48a6a01 e-con e-atomic-element e-flexbox-base e-48a6a01-5bceaf5\" data-id=\"48a6a01\" data-element_type=\"e-flexbox\" data-e-type=\"e-flexbox\" data-interaction-id=\"48a6a01\" data-e-type=\"e-flexbox\" data-id=\"48a6a01\">\n\t\t\t\t<div class=\"elementor-element elementor-element-9cc5b91 elementor-widget elementor-widget-text-editor\" data-id=\"9cc5b91\" data-element_type=\"widget\" data-e-type=\"widget\" data-widget_type=\"text-editor.default\">\n\t\t\t\t\t\t\t\t\t<p>Quando viene rilevata un\u2019attivit\u00e0 sospetta, comunichiamo immediatamente al Servizio Esecutivo della Commissione per la Prevenzione del Riciclaggio di Capitale e delle Infrazioni Monetarie (UIF), rispettando rigorosamente l\u2019obbligo di riservatezza. Il nostro Manuale delle Procedure, costantemente aggiornato, raccoglie tutte le politiche e procedure di controllo. <\/p>\t\t\t\t\t\t\t\t<\/div>\n\t\t\t\t<div class=\"elementor-element elementor-element-94e785a e-con e-atomic-element e-flexbox-base e-94e785a-df263e5\" data-id=\"94e785a\" data-element_type=\"e-flexbox\" data-e-type=\"e-flexbox\" data-interaction-id=\"94e785a\" data-e-type=\"e-flexbox\" data-id=\"94e785a\">\n\t\t\t\t<div class=\"elementor-element elementor-element-2adb73f elementor-widget elementor-widget-text-editor\" data-id=\"2adb73f\" data-element_type=\"widget\" data-e-type=\"widget\" data-widget_type=\"text-editor.default\">\n\t\t\t\t\t\t\t\t\t<p>Contatto:<\/p>\t\t\t\t\t\t\t\t<\/div>\n\t\t\t\t<div class=\"elementor-element elementor-element-dc90de3 elementor-widget elementor-widget-text-editor\" data-id=\"dc90de3\" data-element_type=\"widget\" data-e-type=\"widget\" data-widget_type=\"text-editor.default\">\n\t\t\t\t\t\t\t\t\t<p>Para cualquier consulta relacionada con la prevenci\u00f3n del blanqueo de capitales, puedes escribirnos a: <a id=\"m_-6779482623066728307gmail-menuro6j\" title=\"mailto:aml@mgpsa.com\" href=\"mailto:aml@mgpsa.com\" target=\"_blank\" rel=\"noreferrer noopener\" aria-label=\"V\u00ednculo aml@mgpsa.com\">aml@mgpsa.com<\/a><\/p>\t\t\t\t\t\t\t\t<\/div>\n\t\t\t\t<\/div>\n\t\t\t\t<\/div>\n\t\t\t\t<\/div>\n\t\t\t\t<\/div>\n\t\t\t\t<\/div>\n\t\t","protected":false},"excerpt":{"rendered":"<p>Prevenzione del riciclaggio di denaro Difesa attiva contro il riciclaggioe il finanziamento del terrorismo Pevenzione del riciclaggio di denaro Difesa attiva contro il riciclaggio e il finanziamento del terrorismo In Monty Global Payments, gli impegni verso i clienti vanno ben oltre la semplice prestazione di un servizio. L&#8217;azienda comprende che inviare denaro \u00e8 un atto [&hellip;]<\/p>\n","protected":false},"author":1,"featured_media":0,"parent":0,"menu_order":0,"comment_status":"closed","ping_status":"closed","template":"","meta":{"footnotes":""},"class_list":["post-12420","page","type-page","status-publish","hentry"],"_links":{"self":[{"href":"https:\/\/montyglobal.com\/it\/wp-json\/wp\/v2\/pages\/12420","targetHints":{"allow":["GET"]}}],"collection":[{"href":"https:\/\/montyglobal.com\/it\/wp-json\/wp\/v2\/pages"}],"about":[{"href":"https:\/\/montyglobal.com\/it\/wp-json\/wp\/v2\/types\/page"}],"author":[{"embeddable":true,"href":"https:\/\/montyglobal.com\/it\/wp-json\/wp\/v2\/users\/1"}],"replies":[{"embeddable":true,"href":"https:\/\/montyglobal.com\/it\/wp-json\/wp\/v2\/comments?post=12420"}],"version-history":[{"count":7,"href":"https:\/\/montyglobal.com\/it\/wp-json\/wp\/v2\/pages\/12420\/revisions"}],"predecessor-version":[{"id":24291,"href":"https:\/\/montyglobal.com\/it\/wp-json\/wp\/v2\/pages\/12420\/revisions\/24291"}],"wp:attachment":[{"href":"https:\/\/montyglobal.com\/it\/wp-json\/wp\/v2\/media?parent=12420"}],"curies":[{"name":"wp","href":"https:\/\/api.w.org\/{rel}","templated":true}]}}