{"id":12428,"date":"2025-07-29T13:52:56","date_gmt":"2025-07-29T11:52:56","guid":{"rendered":"http:\/\/localhost\/montyglobal\/corrispondenti\/"},"modified":"2025-11-04T09:55:46","modified_gmt":"2025-11-04T08:55:46","slug":"corrispondenti","status":"publish","type":"page","link":"https:\/\/montyglobal.com\/it\/corrispondenti\/","title":{"rendered":"Corrispondenti"},"content":{"rendered":"\t\t<div data-elementor-type=\"wp-page\" data-elementor-id=\"12428\" class=\"elementor elementor-12428 elementor-961\" data-elementor-post-type=\"page\">\n\t\t\t\t<div class=\"elementor-element elementor-element-8574f14 e-con-full e-flex e-con e-parent\" data-id=\"8574f14\" data-element_type=\"container\" data-e-type=\"container\">\n\t\t\t\t<div class=\"elementor-element elementor-element-a001414 e-con e-atomic-element e-flexbox-base e-a001414-e5e3e6c\" data-id=\"a001414\" data-element_type=\"e-flexbox\" data-e-type=\"e-flexbox\" data-interaction-id=\"a001414\" data-e-type=\"e-flexbox\" data-id=\"a001414\">\n\t\t\t\t<div class=\"elementor-element elementor-element-3b442ea e-con e-atomic-element e-flexbox-base e-3b442ea-994f604\" data-id=\"3b442ea\" data-element_type=\"e-flexbox\" data-e-type=\"e-flexbox\" data-interaction-id=\"3b442ea\" data-e-type=\"e-flexbox\" data-id=\"3b442ea\">\n\t\t\t\t<div class=\"elementor-element elementor-element-8fd088f e-con e-atomic-element e-flexbox-base e-8fd088f-2b74f82\" data-id=\"8fd088f\" data-element_type=\"e-flexbox\" data-e-type=\"e-flexbox\" data-interaction-id=\"8fd088f\" data-e-type=\"e-flexbox\" data-id=\"8fd088f\">\n\t\t<div class=\"elementor-element elementor-element-f306648 e-con-full e-flex e-con e-child\" data-id=\"f306648\" data-element_type=\"container\" data-e-type=\"container\">\n\t\t\t\t<div class=\"elementor-element elementor-element-d0bb175 elementor-widget__width-initial elementor-widget-divider--view-line elementor-widget elementor-widget-divider\" data-id=\"d0bb175\" data-element_type=\"widget\" data-e-type=\"widget\" data-widget_type=\"divider.default\">\n\t\t\t\t\t\t\t<div class=\"elementor-divider\">\n\t\t\t<span class=\"elementor-divider-separator\">\n\t\t\t\t\t\t<\/span>\n\t\t<\/div>\n\t\t\t\t\t\t<\/div>\n\t\t\t\t<\/div>\n\t\t\t\t<div class=\"elementor-element elementor-element-c9306e3 e-con e-atomic-element e-flexbox-base e-c9306e3-ad1e34a\" data-id=\"c9306e3\" data-element_type=\"e-flexbox\" data-e-type=\"e-flexbox\" data-interaction-id=\"c9306e3\" data-e-type=\"e-flexbox\" data-id=\"c9306e3\">\n\t\t\t\t<div class=\"elementor-element elementor-element-dbe5929 elementor-widget__width-inherit elementor-widget elementor-widget-heading\" data-id=\"dbe5929\" data-element_type=\"widget\" data-e-type=\"widget\" data-widget_type=\"heading.default\">\n\t\t\t\t\t<h2 class=\"elementor-heading-title elementor-size-default\">Come diventare corrispondente<\/h2>\t\t\t\t<\/div>\n\t\t\t\t<\/div>\n\t\t\t\t<\/div>\n\t\t<div class=\"elementor-element elementor-element-67bb3dc e-con-full e-flex e-con e-child\" data-id=\"67bb3dc\" data-element_type=\"container\" data-e-type=\"container\">\n\t\t\t\t<div class=\"elementor-element elementor-element-fc32168 elementor-widget__width-inherit elementor-widget elementor-widget-text-editor\" data-id=\"fc32168\" data-element_type=\"widget\" data-e-type=\"widget\" data-widget_type=\"text-editor.default\">\n\t\t\t\t\t\t\t\t\t<p>In Monty, la qualit\u00e0 del servizio \u00e8 intesa come un processo che inizia con l\u2019assistenza al cliente e si conclude con il pagamento al destinatario. Per garantire un servizio efficiente e affidabile, l\u2019azienda mantiene relazioni strette e trasparenti con istituzioni finanziarie e societ\u00e0 di pagamento nei paesi di origine dei propri clienti. Grazie a queste collaborazioni, Monty offre servizi rapidi, sicuri e con tassi competitivi.  <\/p><p>Dal 2004 ha sviluppato un&#8217;ampia rete di corrispondenti che consente di inviare denaro in oltre 130 paesi, con pi\u00f9 di 188.000 punti di pagamento, per lo pi\u00f9 con consegna immediata. <br>I metodi di pagamento includono pagamenti in contanti, depositi su conti bancari, pagamenti tramite cellulare e portafogli elettronici, versamenti su carte di debito e di credito, pagamenti tramite bancomat (ATM) e consegna a domicilio.<\/p>\t\t\t\t\t\t\t\t<\/div>\n\t\t\t\t<\/div>\n\t\t\t\t<\/div>\n\t\t\t\t<div class=\"elementor-element elementor-element-58989e7 e-con e-atomic-element e-flexbox-base e-58989e7-ff743a1\" data-id=\"58989e7\" data-element_type=\"e-flexbox\" data-e-type=\"e-flexbox\" data-interaction-id=\"58989e7\" data-e-type=\"e-flexbox\" data-id=\"58989e7\">\n\t\t\t\t<\/div>\n\t\t\t\t<\/div>\n\t\t\t\t<div class=\"elementor-element elementor-element-c868f61 e-con e-atomic-element e-flexbox-base e-c868f61-d065bd9\" data-id=\"c868f61\" data-element_type=\"e-flexbox\" data-e-type=\"e-flexbox\" data-interaction-id=\"c868f61\" data-e-type=\"e-flexbox\" data-id=\"c868f61\">\n\t\t\t\t<div class=\"elementor-element elementor-element-6467b3b elementor-widget elementor-widget-heading\" data-id=\"6467b3b\" data-element_type=\"widget\" data-e-type=\"widget\" data-widget_type=\"heading.default\">\n\t\t\t\t\t<h2 class=\"elementor-heading-title elementor-size-default\">Requisiti necessari<\/h2>\t\t\t\t<\/div>\n\t\t\t\t<div class=\"elementor-element elementor-element-36c2127 e-con e-atomic-element e-flexbox-base e-36c2127-3b5b742\" data-id=\"36c2127\" data-element_type=\"e-flexbox\" data-e-type=\"e-flexbox\" data-interaction-id=\"36c2127\" data-e-type=\"e-flexbox\" data-id=\"36c2127\">\n\t\t\t\t<div class=\"elementor-element elementor-element-70c8346 e-con e-atomic-element e-flexbox-base e-70c8346-ac1ab54\" data-id=\"70c8346\" data-element_type=\"e-flexbox\" data-e-type=\"e-flexbox\" data-interaction-id=\"70c8346\" data-e-type=\"e-flexbox\" data-id=\"70c8346\">\n\t\t\t\t<div class=\"elementor-element elementor-element-36dbcce elementor-widget elementor-widget-text-editor\" data-id=\"36dbcce\" data-element_type=\"widget\" data-e-type=\"widget\" data-widget_type=\"text-editor.default\">\n\t\t\t\t\t\t\t\t\t<p><strong>01 .<\/strong> Per poter valutare la tua proposta, ti preghiamo di inviarci la tua richiesta a <a class=\"email-corresponsales\" href=\"mailto:corresponsales@mgpsa.com\">cmm@mgpsa.com<\/a> con le seguenti informazioni:<\/p>\t\t\t\t\t\t\t\t<\/div>\n\t\t\t\t<div class=\"elementor-element elementor-element-193ed2b e-con e-atomic-element e-flexbox-base e-193ed2b-68f5633\" data-id=\"193ed2b\" data-element_type=\"e-flexbox\" data-e-type=\"e-flexbox\" data-interaction-id=\"193ed2b\" data-e-type=\"e-flexbox\" data-id=\"193ed2b\">\n\t\t\t\t<div class=\"elementor-element elementor-element-9a26589 e-con e-atomic-element e-flexbox-base e-9a26589-ee9d595\" data-id=\"9a26589\" data-element_type=\"e-flexbox\" data-e-type=\"e-flexbox\" data-interaction-id=\"9a26589\" data-e-type=\"e-flexbox\" data-id=\"9a26589\">\n\t\t\t\t<div class=\"elementor-element elementor-element-085f676 elementor-widget elementor-widget-text-editor\" data-id=\"085f676\" data-element_type=\"widget\" data-e-type=\"widget\" data-widget_type=\"text-editor.default\">\n\t\t\t\t\t\t\t\t\t<p><b>1.1.<\/b><\/p>\t\t\t\t\t\t\t\t<\/div>\n\t\t\t\t<div class=\"elementor-element elementor-element-50962d0 elementor-widget elementor-widget-text-editor\" data-id=\"50962d0\" data-element_type=\"widget\" data-e-type=\"widget\" data-widget_type=\"text-editor.default\">\n\t\t\t\t\t\t\t\t\t<p>Storia dell&#8217;azienda.<\/p>\t\t\t\t\t\t\t\t<\/div>\n\t\t\t\t<\/div>\n\t\t\t\t<div class=\"elementor-element elementor-element-43ff716 e-con e-atomic-element e-flexbox-base e-43ff716-b828443\" data-id=\"43ff716\" data-element_type=\"e-flexbox\" data-e-type=\"e-flexbox\" data-interaction-id=\"43ff716\" data-e-type=\"e-flexbox\" data-id=\"43ff716\">\n\t\t\t\t<div class=\"elementor-element elementor-element-fee629b elementor-widget elementor-widget-text-editor\" data-id=\"fee629b\" data-element_type=\"widget\" data-e-type=\"widget\" data-widget_type=\"text-editor.default\">\n\t\t\t\t\t\t\t\t\t<p><b>1.2.<\/b><\/p>\t\t\t\t\t\t\t\t<\/div>\n\t\t\t\t<div class=\"elementor-element elementor-element-5de533c elementor-widget elementor-widget-text-editor\" data-id=\"5de533c\" data-element_type=\"widget\" data-e-type=\"widget\" data-widget_type=\"text-editor.default\">\n\t\t\t\t\t\t\t\t\t<p>Paese di registrazione della societ\u00e0.<\/p>\t\t\t\t\t\t\t\t<\/div>\n\t\t\t\t<\/div>\n\t\t\t\t<div class=\"elementor-element elementor-element-e6d54f7 e-con e-atomic-element e-flexbox-base e-e6d54f7-f68d500\" data-id=\"e6d54f7\" data-element_type=\"e-flexbox\" data-e-type=\"e-flexbox\" data-interaction-id=\"e6d54f7\" data-e-type=\"e-flexbox\" data-id=\"e6d54f7\">\n\t\t\t\t<div class=\"elementor-element elementor-element-0217580 elementor-widget elementor-widget-text-editor\" data-id=\"0217580\" data-element_type=\"widget\" data-e-type=\"widget\" data-widget_type=\"text-editor.default\">\n\t\t\t\t\t\t\t\t\t<p><b>1.3.<\/b><\/p>\t\t\t\t\t\t\t\t<\/div>\n\t\t\t\t<div class=\"elementor-element elementor-element-f495782 elementor-widget elementor-widget-text-editor\" data-id=\"f495782\" data-element_type=\"widget\" data-e-type=\"widget\" data-widget_type=\"text-editor.default\">\n\t\t\t\t\t\t\t\t\t<p>La copertura geografica.<\/p>\t\t\t\t\t\t\t\t<\/div>\n\t\t\t\t<\/div>\n\t\t\t\t<\/div>\n\t\t\t\t<\/div>\n\t\t\t\t<div class=\"elementor-element elementor-element-4e3a96b e-con e-atomic-element e-flexbox-base e-4e3a96b-f4f7867\" data-id=\"4e3a96b\" data-element_type=\"e-flexbox\" data-e-type=\"e-flexbox\" data-interaction-id=\"4e3a96b\" data-e-type=\"e-flexbox\" data-id=\"4e3a96b\">\n\t\t\t\t<div class=\"elementor-element elementor-element-636d50e elementor-widget elementor-widget-text-editor\" data-id=\"636d50e\" data-element_type=\"widget\" data-e-type=\"widget\" data-widget_type=\"text-editor.default\">\n\t\t\t\t\t\t\t\t\t<p><strong>02 .<\/strong> Una volta accettata la richiesta, il dipartimento competente ti indicher\u00e0 la documentazione e i requisiti necessari per proseguire il processo.<\/p>\t\t\t\t\t\t\t\t<\/div>\n\t\t\t\t<\/div>\n\t\t\t\t<\/div>\n\t\t\t\t<\/div>\n\t\t\t\t<div class=\"elementor-element elementor-element-069877f e-con e-atomic-element e-flexbox-base e-069877f-5e075d9\" data-id=\"069877f\" data-element_type=\"e-flexbox\" data-e-type=\"e-flexbox\" data-interaction-id=\"069877f\" data-e-type=\"e-flexbox\" data-id=\"069877f\">\n\t\t\t\t<div class=\"elementor-element elementor-element-8bc49cb elementor-widget elementor-widget-heading\" data-id=\"8bc49cb\" data-element_type=\"widget\" data-e-type=\"widget\" data-widget_type=\"heading.default\">\n\t\t\t\t\t<h2 class=\"elementor-heading-title elementor-size-default\">I nostri corrispondenti<\/h2>\t\t\t\t<\/div>\n\t\t\t\t<div class=\"elementor-element elementor-element-38347c7 e-con e-atomic-element e-flexbox-base e-38347c7-240d788\" data-id=\"38347c7\" data-element_type=\"e-flexbox\" data-e-type=\"e-flexbox\" data-interaction-id=\"38347c7\" data-e-type=\"e-flexbox\" data-id=\"38347c7\">\n\t\t\t\t<div class=\"elementor-element elementor-element-fd7ebb0 e-con e-atomic-element e-flexbox-base e-fd7ebb0-87147c0\" data-id=\"fd7ebb0\" data-element_type=\"e-flexbox\" data-e-type=\"e-flexbox\" data-interaction-id=\"fd7ebb0\" data-e-type=\"e-flexbox\" data-id=\"fd7ebb0\">\n\t\t\t\t<div class=\"elementor-element elementor-element-8154201 e-con e-atomic-element e-flexbox-base e-8154201-211790e\" data-id=\"8154201\" data-element_type=\"e-flexbox\" data-e-type=\"e-flexbox\" data-interaction-id=\"8154201\" data-e-type=\"e-flexbox\" data-id=\"8154201\">\n\t\t\t\t<div class=\"elementor-element elementor-element-e30da0b elementor-widget elementor-widget-heading\" data-id=\"e30da0b\" data-element_type=\"widget\" data-e-type=\"widget\" data-widget_type=\"heading.default\">\n\t\t\t\t\t<h2 class=\"elementor-heading-title elementor-size-default\">Colaboramos con bancos e instituciones no bancarias<\/h2>\t\t\t\t<\/div>\n\t\t\t\t<div class=\"elementor-element elementor-element-d544381 elementor-widget elementor-widget-text-editor\" data-id=\"d544381\" data-element_type=\"widget\" data-e-type=\"widget\" data-widget_type=\"text-editor.default\">\n\t\t\t\t\t\t\t\t\t<p>Monty distribuisce le transazioni nei paesi di destinazione attraverso la propria rete di corrispondenti; collaboriamo con banche e istituzioni non bancarie di riconosciuto prestigio nazionale e internazionale.<br>Monty \u00e8 membro di SWIFT (codice MNTYESMM), il che ci consente di garantire un servizio di pagamento eccellente e immediato, accedere a strumenti di prevenzione del riciclaggio e posizionarci tra le aziende pi\u00f9 importanti del settore.<\/p>\t\t\t\t\t\t\t\t<\/div>\n\t\t\t\t<\/div>\n\t\t\t\t<div class=\"elementor-element elementor-element-4e810f7 e-con e-atomic-element e-flexbox-base e-4e810f7-6a0a5d9\" data-id=\"4e810f7\" data-element_type=\"e-flexbox\" data-e-type=\"e-flexbox\" data-interaction-id=\"4e810f7\" data-e-type=\"e-flexbox\" data-id=\"4e810f7\">\n\t\t\t\t<div class=\"elementor-element elementor-element-9681b93 elementor-widget elementor-widget-heading\" data-id=\"9681b93\" data-element_type=\"widget\" data-e-type=\"widget\" data-widget_type=\"heading.default\">\n\t\t\t\t\t<h2 class=\"elementor-heading-title elementor-size-default\">Il nostro team di professionisti assiste clienti e agenti 365 giorni all\u2019anno <\/h2>\t\t\t\t<\/div>\n\t\t\t\t<div class=\"elementor-element elementor-element-3659207 elementor-widget elementor-widget-text-editor\" data-id=\"3659207\" data-element_type=\"widget\" data-e-type=\"widget\" data-widget_type=\"text-editor.default\">\n\t\t\t\t\t\t\t\t\t<p>Per garantire un servizio di qualit\u00e0 eccezionale, disponiamo di un team di professionisti esperti che offre assistenza personalizzata a clienti e agenti 365 giorni l\u2019anno, dalle 9:00 alle 22:00, in diverse lingue (arabo, bulgaro, spagnolo, francese, inglese, portoghese, rumeno, urdu e russo).<\/p>\t\t\t\t\t\t\t\t<\/div>\n\t\t\t\t<\/div>\n\t\t\t\t<div class=\"elementor-element elementor-element-97662aa e-con e-atomic-element e-flexbox-base e-97662aa-b7258e6\" data-id=\"97662aa\" data-element_type=\"e-flexbox\" data-e-type=\"e-flexbox\" data-interaction-id=\"97662aa\" data-e-type=\"e-flexbox\" data-id=\"97662aa\">\n\t\t\t\t<div class=\"elementor-element elementor-element-27c0b8d elementor-widget elementor-widget-heading\" data-id=\"27c0b8d\" data-element_type=\"widget\" data-e-type=\"widget\" data-widget_type=\"heading.default\">\n\t\t\t\t\t<h2 class=\"elementor-heading-title elementor-size-default\">\nScambio immediato di informazioni con i nostri corrispondenti <\/h2>\t\t\t\t<\/div>\n\t\t\t\t<div class=\"elementor-element elementor-element-a6e32fb elementor-widget elementor-widget-text-editor\" data-id=\"a6e32fb\" data-element_type=\"widget\" data-e-type=\"widget\" data-widget_type=\"text-editor.default\">\n\t\t\t\t\t\t\t\t\t<p>L\u2019integrazione tra i sistemi consente lo scambio immediato di informazioni con i nostri corrispondenti, permettendoci di informare i clienti sullo stato della loro operazione in ogni momento.<\/p>\t\t\t\t\t\t\t\t<\/div>\n\t\t\t\t<\/div>\n\t\t\t\t<\/div>\n\t\t\t\t<div class=\"elementor-element elementor-element-502aa0f e-con e-atomic-element e-flexbox-base e-502aa0f-3dc5bbd\" data-id=\"502aa0f\" data-element_type=\"e-flexbox\" data-e-type=\"e-flexbox\" data-interaction-id=\"502aa0f\" data-e-type=\"e-flexbox\" data-id=\"502aa0f\">\n\t\t\t\t<div class=\"elementor-element elementor-element-c6789c4 e-con e-atomic-element e-flexbox-base e-c6789c4-66be72a\" data-id=\"c6789c4\" data-element_type=\"e-flexbox\" data-e-type=\"e-flexbox\" data-interaction-id=\"c6789c4\" data-e-type=\"e-flexbox\" data-id=\"c6789c4\">\n\t\t\t\t<div class=\"elementor-element elementor-element-4b0233c elementor-widget elementor-widget-heading\" data-id=\"4b0233c\" data-element_type=\"widget\" data-e-type=\"widget\" data-widget_type=\"heading.default\">\n\t\t\t\t\t<h2 class=\"elementor-heading-title elementor-size-default\">Il rispetto della normativa \u00e8 una constante<\/h2>\t\t\t\t<\/div>\n\t\t\t\t<div class=\"elementor-element elementor-element-7dbb6de elementor-widget elementor-widget-text-editor\" data-id=\"7dbb6de\" data-element_type=\"widget\" data-e-type=\"widget\" data-widget_type=\"text-editor.default\">\n\t\t\t\t\t\t\t\t\t<p>Collaboriamo esclusivamente con entit\u00e0 di primo livello, di comprovata solidit\u00e0 e reputazione impeccabile, che rispettano le leggi e normative vigenti nei paesi in cui operiamo. Il rispetto dei pi\u00f9 alti standard in materia di prevenzione e del riciclaggio di denaro e della lotta al finanziamento del terrorismo \u00e8 una costante tra i nostri corrispondenti. <\/p>\t\t\t\t\t\t\t\t<\/div>\n\t\t\t\t<\/div>\n\t\t\t\t<div class=\"elementor-element elementor-element-825b0c3 e-con e-atomic-element e-flexbox-base e-825b0c3-57da0d6\" data-id=\"825b0c3\" data-element_type=\"e-flexbox\" data-e-type=\"e-flexbox\" data-interaction-id=\"825b0c3\" data-e-type=\"e-flexbox\" data-id=\"825b0c3\">\n\t\t\t\t<div class=\"elementor-element elementor-element-642dae3 elementor-widget__width-inherit elementor-widget elementor-widget-text-editor\" data-id=\"642dae3\" data-element_type=\"widget\" data-e-type=\"widget\" data-widget_type=\"text-editor.default\">\n\t\t\t\t\t\t\t\t\t<div>Collaboriamo con entit\u00e0 riconosciute per solidit\u00e0 e conformit\u00e0 normativa<\/div>\t\t\t\t\t\t\t\t<\/div>\n\t\t\t\t<\/div>\n\t\t\t\t<div class=\"elementor-element elementor-element-88f002c e-con e-atomic-element e-flexbox-base e-88f002c-551c011\" data-id=\"88f002c\" data-element_type=\"e-flexbox\" data-e-type=\"e-flexbox\" data-interaction-id=\"88f002c\" data-e-type=\"e-flexbox\" data-id=\"88f002c\">\n\t\t\t\t<div class=\"elementor-element elementor-element-dd24cdb elementor-widget elementor-widget-heading\" data-id=\"dd24cdb\" data-element_type=\"widget\" data-e-type=\"widget\" data-widget_type=\"heading.default\">\n\t\t\t\t\t<h2 class=\"elementor-heading-title elementor-size-default\">Servizio di pagamento online in tempo reale<\/h2>\t\t\t\t<\/div>\n\t\t\t\t<div class=\"elementor-element elementor-element-01961ea elementor-widget elementor-widget-text-editor\" data-id=\"01961ea\" data-element_type=\"widget\" data-e-type=\"widget\" data-widget_type=\"text-editor.default\">\n\t\t\t\t\t\t\t\t\t<p>Offriamo un servizio di pagamento online nella maggior parte dei punti di pagamento: la connessione in tempo reale con i nostri corrispondenti permette che un trasferimento sia disponibile per il beneficiario nello stesso momento in cui l\u2019operazione viene accettata.<\/p>\t\t\t\t\t\t\t\t<\/div>\n\t\t\t\t<\/div>\n\t\t\t\t<\/div>\n\t\t\t\t<\/div>\n\t\t\t\t<\/div>\n\t\t\t\t<\/div>\n\t\t\t\t<\/div>\n\t\t","protected":false},"excerpt":{"rendered":"<p>Corrispondenti Come diventare corrispondente In Monty, la qualit\u00e0 del servizio \u00e8 intesa come un processo che inizia con l\u2019assistenza al cliente e si conclude con il pagamento al destinatario. Per garantire un servizio efficiente e affidabile, l\u2019azienda mantiene relazioni strette e trasparenti con istituzioni finanziarie e societ\u00e0 di pagamento nei paesi di origine dei propri [&hellip;]<\/p>\n","protected":false},"author":1,"featured_media":0,"parent":0,"menu_order":0,"comment_status":"closed","ping_status":"closed","template":"","meta":{"footnotes":""},"class_list":["post-12428","page","type-page","status-publish","hentry"],"_links":{"self":[{"href":"https:\/\/montyglobal.com\/it\/wp-json\/wp\/v2\/pages\/12428","targetHints":{"allow":["GET"]}}],"collection":[{"href":"https:\/\/montyglobal.com\/it\/wp-json\/wp\/v2\/pages"}],"about":[{"href":"https:\/\/montyglobal.com\/it\/wp-json\/wp\/v2\/types\/page"}],"author":[{"embeddable":true,"href":"https:\/\/montyglobal.com\/it\/wp-json\/wp\/v2\/users\/1"}],"replies":[{"embeddable":true,"href":"https:\/\/montyglobal.com\/it\/wp-json\/wp\/v2\/comments?post=12428"}],"version-history":[{"count":4,"href":"https:\/\/montyglobal.com\/it\/wp-json\/wp\/v2\/pages\/12428\/revisions"}],"predecessor-version":[{"id":19817,"href":"https:\/\/montyglobal.com\/it\/wp-json\/wp\/v2\/pages\/12428\/revisions\/19817"}],"wp:attachment":[{"href":"https:\/\/montyglobal.com\/it\/wp-json\/wp\/v2\/media?parent=12428"}],"curies":[{"name":"wp","href":"https:\/\/api.w.org\/{rel}","templated":true}]}}