{"id":11660,"date":"2025-07-29T13:54:58","date_gmt":"2025-07-29T11:54:58","guid":{"rendered":"http:\/\/localhost\/montyglobal\/canal-de-denuncias\/"},"modified":"2025-10-30T15:25:48","modified_gmt":"2025-10-30T14:25:48","slug":"canal-de-denuncias","status":"publish","type":"page","link":"https:\/\/montyglobal.com\/pt-pt\/canal-de-denuncias\/","title":{"rendered":"Canal de den\u00fancias"},"content":{"rendered":"\t\t<div data-elementor-type=\"wp-page\" data-elementor-id=\"11660\" class=\"elementor elementor-11660 elementor-977\" data-elementor-post-type=\"page\">\n\t\t\t\t<div class=\"elementor-element elementor-element-3749f48 e-con-full e-flex e-con e-parent\" data-id=\"3749f48\" data-element_type=\"container\" data-e-type=\"container\">\n\t\t\t\t<div class=\"elementor-element elementor-element-d6011d7 e-con e-atomic-element e-flexbox-base e-d6011d7-1971d63\" data-id=\"d6011d7\" data-element_type=\"e-flexbox\" data-e-type=\"e-flexbox\" data-interaction-id=\"d6011d7\" data-e-type=\"e-flexbox\" data-id=\"d6011d7\">\n\t\t<div class=\"elementor-element elementor-element-2530465 e-con-full e-flex e-con e-child\" data-id=\"2530465\" data-element_type=\"container\" data-e-type=\"container\">\n\t\t\t\t<div class=\"elementor-element elementor-element-8b5c418 elementor-widget__width-initial elementor-widget-divider--view-line elementor-widget elementor-widget-divider\" data-id=\"8b5c418\" data-element_type=\"widget\" data-e-type=\"widget\" data-widget_type=\"divider.default\">\n\t\t\t\t\t\t\t<div class=\"elementor-divider\">\n\t\t\t<span class=\"elementor-divider-separator\">\n\t\t\t\t\t\t<\/span>\n\t\t<\/div>\n\t\t\t\t\t\t<\/div>\n\t\t\t\t<\/div>\n\t\t\t\t<div class=\"elementor-element elementor-element-b63fcd4 elementor-widget__width-inherit elementor-widget elementor-widget-heading\" data-id=\"b63fcd4\" data-element_type=\"widget\" data-e-type=\"widget\" data-widget_type=\"heading.default\">\n\t\t\t\t\t<h2 class=\"elementor-heading-title elementor-size-default\">Canal de den\u00fancias da Monty &amp; Co Group<\/h2>\t\t\t\t<\/div>\n\t\t\t\t<\/div>\n\t\t\t\t<div class=\"elementor-element elementor-element-60f6d7d e-con e-atomic-element e-flexbox-base e-60f6d7d-c0b8ccd\" data-id=\"60f6d7d\" data-element_type=\"e-flexbox\" data-e-type=\"e-flexbox\" data-interaction-id=\"60f6d7d\" data-e-type=\"e-flexbox\" data-id=\"60f6d7d\">\n\t\t\t\t<div class=\"elementor-element elementor-element-6a23c96 e-con e-atomic-element e-flexbox-base e-6a23c96-ea2d4cd\" data-id=\"6a23c96\" data-element_type=\"e-flexbox\" data-e-type=\"e-flexbox\" data-interaction-id=\"6a23c96\" data-e-type=\"e-flexbox\" data-id=\"6a23c96\">\n\t\t<div class=\"elementor-element elementor-element-22237b0 e-con-full e-flex e-con e-child\" data-id=\"22237b0\" data-element_type=\"container\" data-e-type=\"container\">\n\t\t\t\t<div class=\"elementor-element elementor-element-274e962 elementor-widget__width-inherit elementor-widget elementor-widget-text-editor\" data-id=\"274e962\" data-element_type=\"widget\" data-e-type=\"widget\" data-widget_type=\"text-editor.default\">\n\t\t\t\t\t\t\t\t\t<p>Na Monty &amp; Co Group, reafirmamos o nosso compromisso com a integridade, transpar\u00eancia e conformidade regulat\u00f3ria. Por isso, disponibilizamos aos colaboradores, parceiros e agentes um Canal de Den\u00fancias Internas, em conformidade com o Decreto-Lei n.\u00ba 109-E\/2021, que transp\u00f5e as diretivas europeias sobre preven\u00e7\u00e3o do branqueamento de capitais e financiamento do terrorismo. <\/p>\t\t\t\t\t\t\t\t<\/div>\n\t\t\t\t<div class=\"elementor-element elementor-element-4b4a36e elementor-widget elementor-widget-text-editor\" data-id=\"4b4a36e\" data-element_type=\"widget\" data-e-type=\"widget\" data-widget_type=\"text-editor.default\">\n\t\t\t\t\t\t\t\t\t<p>Este canal foi criado para permitir a comunica\u00e7\u00e3o confidencial e segura de qualquer conduta que possa violar:<\/p>\t\t\t\t\t\t\t\t<\/div>\n\t\t\t\t<\/div>\n\t\t\t\t<div class=\"elementor-element elementor-element-84d2dfc e-con e-atomic-element e-flexbox-base e-84d2dfc-3721214\" data-id=\"84d2dfc\" data-element_type=\"e-flexbox\" data-e-type=\"e-flexbox\" data-interaction-id=\"84d2dfc\" data-e-type=\"e-flexbox\" data-id=\"84d2dfc\">\n\t\t\t\t<div class=\"elementor-element elementor-element-deaa7ae e-con e-atomic-element e-flexbox-base e-deaa7ae-5832bb1\" data-id=\"deaa7ae\" data-element_type=\"e-flexbox\" data-e-type=\"e-flexbox\" data-interaction-id=\"deaa7ae\" data-e-type=\"e-flexbox\" data-id=\"deaa7ae\">\n\t\t\t\t<div class=\"elementor-element elementor-element-12e1249 elementor-widget-mobile_extra__width-auto elementor-view-default elementor-widget elementor-widget-icon\" data-id=\"12e1249\" data-element_type=\"widget\" data-e-type=\"widget\" data-widget_type=\"icon.default\">\n\t\t\t\t\t\t\t<div class=\"elementor-icon-wrapper\">\n\t\t\t<div class=\"elementor-icon\">\n\t\t\t<svg aria-hidden=\"true\" class=\"e-font-icon-svg e-fas-circle\" viewBox=\"0 0 512 512\" xmlns=\"http:\/\/www.w3.org\/2000\/svg\"><path d=\"M256 8C119 8 8 119 8 256s111 248 248 248 248-111 248-248S393 8 256 8z\"><\/path><\/svg>\t\t\t<\/div>\n\t\t<\/div>\n\t\t\t\t\t\t<\/div>\n\t\t\t\t<div class=\"elementor-element elementor-element-dc845a2 elementor-widget-mobile_extra__width-inherit elementor-widget elementor-widget-text-editor\" data-id=\"dc845a2\" data-element_type=\"widget\" data-e-type=\"widget\" data-widget_type=\"text-editor.default\">\n\t\t\t\t\t\t\t\t\t<p><strong>O C\u00f3digo Penal.<\/strong><\/p>\t\t\t\t\t\t\t\t<\/div>\n\t\t\t\t<\/div>\n\t\t\t\t<div class=\"elementor-element elementor-element-73ce317 e-con e-atomic-element e-flexbox-base e-73ce317-8df5a7e\" data-id=\"73ce317\" data-element_type=\"e-flexbox\" data-e-type=\"e-flexbox\" data-interaction-id=\"73ce317\" data-e-type=\"e-flexbox\" data-id=\"73ce317\">\n\t\t\t\t<div class=\"elementor-element elementor-element-f75dc8b elementor-widget-mobile_extra__width-auto elementor-view-default elementor-widget elementor-widget-icon\" data-id=\"f75dc8b\" data-element_type=\"widget\" data-e-type=\"widget\" data-widget_type=\"icon.default\">\n\t\t\t\t\t\t\t<div class=\"elementor-icon-wrapper\">\n\t\t\t<div class=\"elementor-icon\">\n\t\t\t<svg aria-hidden=\"true\" class=\"e-font-icon-svg e-fas-circle\" viewBox=\"0 0 512 512\" xmlns=\"http:\/\/www.w3.org\/2000\/svg\"><path d=\"M256 8C119 8 8 119 8 256s111 248 248 248 248-111 248-248S393 8 256 8z\"><\/path><\/svg>\t\t\t<\/div>\n\t\t<\/div>\n\t\t\t\t\t\t<\/div>\n\t\t\t\t<div class=\"elementor-element elementor-element-70e431e elementor-widget-mobile_extra__width-inherit elementor-widget elementor-widget-text-editor\" data-id=\"70e431e\" data-element_type=\"widget\" data-e-type=\"widget\" data-widget_type=\"text-editor.default\">\n\t\t\t\t\t\t\t\t\t<p><strong>O C\u00f3digo de Conduta Interno.<\/strong><\/p>\t\t\t\t\t\t\t\t<\/div>\n\t\t\t\t<\/div>\n\t\t\t\t<div class=\"elementor-element elementor-element-d3f9e4a e-con e-atomic-element e-flexbox-base e-d3f9e4a-6a06c56\" data-id=\"d3f9e4a\" data-element_type=\"e-flexbox\" data-e-type=\"e-flexbox\" data-interaction-id=\"d3f9e4a\" data-e-type=\"e-flexbox\" data-id=\"d3f9e4a\">\n\t\t\t\t<div class=\"elementor-element elementor-element-ed55d29 elementor-view-default elementor-widget elementor-widget-icon\" data-id=\"ed55d29\" data-element_type=\"widget\" data-e-type=\"widget\" data-widget_type=\"icon.default\">\n\t\t\t\t\t\t\t<div class=\"elementor-icon-wrapper\">\n\t\t\t<div class=\"elementor-icon\">\n\t\t\t<svg aria-hidden=\"true\" class=\"e-font-icon-svg e-fas-circle\" viewBox=\"0 0 512 512\" xmlns=\"http:\/\/www.w3.org\/2000\/svg\"><path d=\"M256 8C119 8 8 119 8 256s111 248 248 248 248-111 248-248S393 8 256 8z\"><\/path><\/svg>\t\t\t<\/div>\n\t\t<\/div>\n\t\t\t\t\t\t<\/div>\n\t\t\t\t<div class=\"elementor-element elementor-element-bac74d0 elementor-widget-mobile_extra__width-inherit elementor-widget elementor-widget-text-editor\" data-id=\"bac74d0\" data-element_type=\"widget\" data-e-type=\"widget\" data-widget_type=\"text-editor.default\">\n\t\t\t\t\t\t\t\t\t<p><strong>O Manual de Preven\u00e7\u00e3o de Branqueamento de Capitais e Financiamento do Terrorismo.<\/strong><\/p>\t\t\t\t\t\t\t\t<\/div>\n\t\t\t\t<\/div>\n\t\t\t\t<div class=\"elementor-element elementor-element-d0daf30 e-con e-atomic-element e-flexbox-base e-d0daf30-15f9010\" data-id=\"d0daf30\" data-element_type=\"e-flexbox\" data-e-type=\"e-flexbox\" data-interaction-id=\"d0daf30\" data-e-type=\"e-flexbox\" data-id=\"d0daf30\">\n\t\t\t\t<div class=\"elementor-element elementor-element-c45fb95 elementor-widget-mobile_extra__width-auto elementor-view-default elementor-widget elementor-widget-icon\" data-id=\"c45fb95\" data-element_type=\"widget\" data-e-type=\"widget\" data-widget_type=\"icon.default\">\n\t\t\t\t\t\t\t<div class=\"elementor-icon-wrapper\">\n\t\t\t<div class=\"elementor-icon\">\n\t\t\t<svg aria-hidden=\"true\" class=\"e-font-icon-svg e-fas-circle\" viewBox=\"0 0 512 512\" xmlns=\"http:\/\/www.w3.org\/2000\/svg\"><path d=\"M256 8C119 8 8 119 8 256s111 248 248 248 248-111 248-248S393 8 256 8z\"><\/path><\/svg>\t\t\t<\/div>\n\t\t<\/div>\n\t\t\t\t\t\t<\/div>\n\t\t\t\t<div class=\"elementor-element elementor-element-2b780a7 elementor-widget-mobile_extra__width-inherit elementor-widget elementor-widget-text-editor\" data-id=\"2b780a7\" data-element_type=\"widget\" data-e-type=\"widget\" data-widget_type=\"text-editor.default\">\n\t\t\t\t\t\t\t\t\t<p><strong>Outros regulamentos internos da empresa.<\/strong><\/p>\t\t\t\t\t\t\t\t<\/div>\n\t\t\t\t<\/div>\n\t\t\t\t<\/div>\n\t\t\t\t<\/div>\n\t\t\t\t<div class=\"elementor-element elementor-element-a7ea0b4 e-con e-atomic-element e-flexbox-base e-a7ea0b4-084c237\" data-id=\"a7ea0b4\" data-element_type=\"e-flexbox\" data-e-type=\"e-flexbox\" data-interaction-id=\"a7ea0b4\" data-e-type=\"e-flexbox\" data-id=\"a7ea0b4\">\n\t\t\t\t<div class=\"elementor-element elementor-element-00eefd0 e-con e-atomic-element e-flexbox-base e-00eefd0-b983916\" data-id=\"00eefd0\" data-element_type=\"e-flexbox\" data-e-type=\"e-flexbox\" data-interaction-id=\"00eefd0\" data-e-type=\"e-flexbox\" data-id=\"00eefd0\">\n\t\t\t\t<div class=\"elementor-element elementor-element-0d744f5 elementor-widget__width-inherit elementor-widget elementor-widget-text-editor\" data-id=\"0d744f5\" data-element_type=\"widget\" data-e-type=\"widget\" data-widget_type=\"text-editor.default\">\n\t\t\t\t\t\t\t\t\t<p>Fazemos tudo ao nosso alcance para que possa comunicar qualquer irregularidade com seguran\u00e7a e confidencialidade.<\/p>\t\t\t\t\t\t\t\t<\/div>\n\t\t\t\t<\/div>\n\t\t\t\t<\/div>\n\t\t\t\t<\/div>\n\t\t\t\t<div class=\"elementor-element elementor-element-3923c58 e-con e-atomic-element e-flexbox-base e-3923c58-b714b34\" data-id=\"3923c58\" data-element_type=\"e-flexbox\" data-e-type=\"e-flexbox\" data-interaction-id=\"3923c58\" data-e-type=\"e-flexbox\" data-id=\"3923c58\">\n\t\t\t\t<div class=\"elementor-element elementor-element-aaab97f e-con e-atomic-element e-flexbox-base e-aaab97f-438b107\" data-id=\"aaab97f\" data-element_type=\"e-flexbox\" data-e-type=\"e-flexbox\" data-interaction-id=\"aaab97f\" data-e-type=\"e-flexbox\" data-id=\"aaab97f\">\n\t\t\t\t<div class=\"elementor-element elementor-element-644349f e-con e-atomic-element e-flexbox-base e-644349f-4454929\" data-id=\"644349f\" data-element_type=\"e-flexbox\" data-e-type=\"e-flexbox\" data-interaction-id=\"644349f\" data-e-type=\"e-flexbox\" data-id=\"644349f\">\n\t\t\t\t<div class=\"elementor-element elementor-element-0f830eb elementor-widget elementor-widget-heading\" data-id=\"0f830eb\" data-element_type=\"widget\" data-e-type=\"widget\" data-widget_type=\"heading.default\">\n\t\t\t\t\t<h2 class=\"elementor-heading-title elementor-size-default\">Protocolo do canal de den\u00fancias<\/h2>\t\t\t\t<\/div>\n\t\t\t\t<div class=\"elementor-element elementor-element-f18a073 elementor-widget elementor-widget-text-editor\" data-id=\"f18a073\" data-element_type=\"widget\" data-e-type=\"widget\" data-widget_type=\"text-editor.default\">\n\t\t\t\t\t\t\t\t\t<p>Implement\u00e1mos um protocolo detalhado que descreve o funcionamento do canal, as garantias oferecidas e o processo de gest\u00e3o das den\u00fancias.<\/p>\t\t\t\t\t\t\t\t<\/div>\n\t\t\t\t<\/div>\n\t\t\t\t<div class=\"elementor-element elementor-element-5f6d2fa e-con e-atomic-element e-flexbox-base e-5f6d2fa-bdb8d34\" data-id=\"5f6d2fa\" data-element_type=\"e-flexbox\" data-e-type=\"e-flexbox\" data-interaction-id=\"5f6d2fa\" data-e-type=\"e-flexbox\" data-id=\"5f6d2fa\">\n\t\t\t\t<div class=\"elementor-element elementor-element-7d65db0 elementor-widget elementor-widget-text-editor\" data-id=\"7d65db0\" data-element_type=\"widget\" data-e-type=\"widget\" data-widget_type=\"text-editor.default\">\n\t\t\t\t\t\t\t\t\t<p>Este protocolo assegura:<\/p>\t\t\t\t\t\t\t\t<\/div>\n\t\t\t\t<div class=\"elementor-element elementor-element-6a28b49 elementor-widget elementor-widget-text-editor\" data-id=\"6a28b49\" data-element_type=\"widget\" data-e-type=\"widget\" data-widget_type=\"text-editor.default\">\n\t\t\t\t\t\t\t\t\t<ul><li>A confidencialidade das comunica\u00e7\u00f5es.<\/li><li>A possibilidade de apresentar den\u00fancias an\u00f3nimas.<\/li><li>A prote\u00e7\u00e3o do denunciante contra repres\u00e1lias.<\/li><li>A an\u00e1lise diligente e imparcial de todas as den\u00fancias recebidas.<\/li><\/ul>\t\t\t\t\t\t\t\t<\/div>\n\t\t\t\t<\/div>\n\t\t\t\t<div class=\"elementor-element elementor-element-35ba9b4 e-con e-atomic-element e-flexbox-base e-35ba9b4-3bc3db8\" data-id=\"35ba9b4\" data-element_type=\"e-flexbox\" data-e-type=\"e-flexbox\" data-interaction-id=\"35ba9b4\" data-e-type=\"e-flexbox\" data-id=\"35ba9b4\">\n\t\t\t\t<div class=\"elementor-element elementor-element-ac394a8 elementor-widget elementor-widget-text-editor\" data-id=\"ac394a8\" data-element_type=\"widget\" data-e-type=\"widget\" data-widget_type=\"text-editor.default\">\n\t\t\t\t\t\t\t\t\t<p>Pode descarregar o documento completo aqui:<\/p>\t\t\t\t\t\t\t\t<\/div>\n\t\t\t\t<a class=\"elementor-element elementor-element-2c6164a e-con e-atomic-element e-flexbox-base e-2c6164a-b02008f\" data-id=\"2c6164a\" data-element_type=\"e-flexbox\" data-e-type=\"e-flexbox\" data-interaction-id=\"2c6164a\" href=\"https:\/\/scarbucket.s3.eu-west-3.amazonaws.com\/corporateWeb\/E.%20Canal%20de%20denuncias\/ES%20-%20Protocolo%20Canal%20Denuncias.pdf\" target=\"_blank\" data-e-type=\"e-flexbox\" data-id=\"2c6164a\">\n\t\t\t\t<div class=\"elementor-element elementor-element-b58c406 elementor-widget elementor-widget-text-editor\" data-id=\"b58c406\" data-element_type=\"widget\" data-e-type=\"widget\" data-widget_type=\"text-editor.default\">\n\t\t\t\t\t\t\t\t\t<p>Protocolo do canal de den\u00fancias<\/p>\t\t\t\t\t\t\t\t<\/div>\n\t\t\t\t<\/a>\n\t\t\t\t<\/div>\n\t\t\t\t<\/div>\n\t\t\t\t<div class=\"elementor-element elementor-element-862b743 e-con e-atomic-element e-flexbox-base e-862b743-a921634\" data-id=\"862b743\" data-element_type=\"e-flexbox\" data-e-type=\"e-flexbox\" data-interaction-id=\"862b743\" data-e-type=\"e-flexbox\" data-id=\"862b743\">\n\t\t\t\t<div class=\"elementor-element elementor-element-456358e e-con e-atomic-element e-flexbox-base e-456358e-65ad38e\" data-id=\"456358e\" data-element_type=\"e-flexbox\" data-e-type=\"e-flexbox\" data-interaction-id=\"456358e\" data-e-type=\"e-flexbox\" data-id=\"456358e\">\n\t\t\t\t<div class=\"elementor-element elementor-element-a079d6c e-con e-atomic-element e-flexbox-base e-a079d6c-6b725a2\" data-id=\"a079d6c\" data-element_type=\"e-flexbox\" data-e-type=\"e-flexbox\" data-interaction-id=\"a079d6c\" data-e-type=\"e-flexbox\" data-id=\"a079d6c\">\n\t\t\t\t<div class=\"elementor-element elementor-element-6a104b1 elementor-widget elementor-widget-heading\" data-id=\"6a104b1\" data-element_type=\"widget\" data-e-type=\"widget\" data-widget_type=\"heading.default\">\n\t\t\t\t\t<h2 class=\"elementor-heading-title elementor-size-default\">Acesso ao canal de den\u00fancias<\/h2>\t\t\t\t<\/div>\n\t\t\t\t<div class=\"elementor-element elementor-element-72e807e e-con e-atomic-element e-flexbox-base e-72e807e-596a1ff\" data-id=\"72e807e\" data-element_type=\"e-flexbox\" data-e-type=\"e-flexbox\" data-interaction-id=\"72e807e\" data-e-type=\"e-flexbox\" data-id=\"72e807e\">\n\t\t\t\t<div class=\"elementor-element elementor-element-d98a202 elementor-widget elementor-widget-text-editor\" data-id=\"d98a202\" data-element_type=\"widget\" data-e-type=\"widget\" data-widget_type=\"text-editor.default\">\n\t\t\t\t\t\t\t\t\t<p>O canal garante a confidencialidade total das informa\u00e7\u00f5es e protege o denunciante contra poss\u00edveis retalia\u00e7\u00f5es, promovendo um ambiente \u00e9tico e seguro para todos os membros da organiza\u00e7\u00e3o.<\/p>\t\t\t\t\t\t\t\t<\/div>\n\t\t\t\t<div class=\"elementor-element elementor-element-409041b elementor-widget elementor-widget-text-editor\" data-id=\"409041b\" data-element_type=\"widget\" data-e-type=\"widget\" data-widget_type=\"text-editor.default\">\n\t\t\t\t\t\t\t\t\t<p>Para submeter uma den\u00fancia, aceda atrav\u00e9s do seguinte bot\u00e3o:<\/p>\t\t\t\t\t\t\t\t<\/div>\n\t\t\t\t<\/div>\n\t\t\t\t<\/div>\n\t\t\t\t<\/div>\n\t\t\t\t<div class=\"elementor-element elementor-element-889dac9 elementor-align-center elementor-widget elementor-widget-button\" data-id=\"889dac9\" data-element_type=\"widget\" data-e-type=\"widget\" data-widget_type=\"button.default\">\n\t\t\t\t\t\t\t\t\t\t<a class=\"elementor-button elementor-button-link elementor-size-sm\" href=\"https:\/\/sec.canres.eu\/cDkF\" target=\"_blank\">\n\t\t\t\t\t\t<span class=\"elementor-button-content-wrapper\">\n\t\t\t\t\t\t\t\t\t<span class=\"elementor-button-text\">Canal de Den\u00fancias Monty &amp; Co Group<\/span>\n\t\t\t\t\t<\/span>\n\t\t\t\t\t<\/a>\n\t\t\t\t\t\t\t\t<\/div>\n\t\t\t\t<\/div>\n\t\t\t\t<\/div>\n\t\t\t\t<\/div>\n\t\t\t\t<\/div>\n\t\t","protected":false},"excerpt":{"rendered":"<p>Canal de den\u00fancias internas Canal de den\u00fancias da Monty &amp; Co Group Na Monty &amp; Co Group, reafirmamos o nosso compromisso com a integridade, transpar\u00eancia e conformidade regulat\u00f3ria. Por isso, disponibilizamos aos colaboradores, parceiros e agentes um Canal de Den\u00fancias Internas, em conformidade com o Decreto-Lei n.\u00ba 109-E\/2021, que transp\u00f5e as diretivas europeias sobre preven\u00e7\u00e3o [&hellip;]<\/p>\n","protected":false},"author":1,"featured_media":0,"parent":0,"menu_order":0,"comment_status":"closed","ping_status":"closed","template":"elementor_header_footer","meta":{"footnotes":""},"class_list":["post-11660","page","type-page","status-publish","hentry"],"_links":{"self":[{"href":"https:\/\/montyglobal.com\/pt-pt\/wp-json\/wp\/v2\/pages\/11660","targetHints":{"allow":["GET"]}}],"collection":[{"href":"https:\/\/montyglobal.com\/pt-pt\/wp-json\/wp\/v2\/pages"}],"about":[{"href":"https:\/\/montyglobal.com\/pt-pt\/wp-json\/wp\/v2\/types\/page"}],"author":[{"embeddable":true,"href":"https:\/\/montyglobal.com\/pt-pt\/wp-json\/wp\/v2\/users\/1"}],"replies":[{"embeddable":true,"href":"https:\/\/montyglobal.com\/pt-pt\/wp-json\/wp\/v2\/comments?post=11660"}],"version-history":[{"count":0,"href":"https:\/\/montyglobal.com\/pt-pt\/wp-json\/wp\/v2\/pages\/11660\/revisions"}],"wp:attachment":[{"href":"https:\/\/montyglobal.com\/pt-pt\/wp-json\/wp\/v2\/media?parent=11660"}],"curies":[{"name":"wp","href":"https:\/\/api.w.org\/{rel}","templated":true}]}}