{"id":11680,"date":"2025-07-29T13:52:56","date_gmt":"2025-07-29T11:52:56","guid":{"rendered":"http:\/\/localhost\/montyglobal\/corresponsaveis\/"},"modified":"2025-11-04T09:55:34","modified_gmt":"2025-11-04T08:55:34","slug":"corresponsaveis","status":"publish","type":"page","link":"https:\/\/montyglobal.com\/pt-pt\/corresponsaveis\/","title":{"rendered":"Correspons\u00e1veis"},"content":{"rendered":"\t\t<div data-elementor-type=\"wp-page\" data-elementor-id=\"11680\" class=\"elementor elementor-11680 elementor-961\" data-elementor-post-type=\"page\">\n\t\t\t\t<div class=\"elementor-element elementor-element-8574f14 e-con-full e-flex e-con e-parent\" data-id=\"8574f14\" data-element_type=\"container\" data-e-type=\"container\">\n\t\t\t\t<div class=\"elementor-element elementor-element-a001414 e-con e-atomic-element e-flexbox-base e-a001414-e5e3e6c\" data-id=\"a001414\" data-element_type=\"e-flexbox\" data-e-type=\"e-flexbox\" data-interaction-id=\"a001414\" data-e-type=\"e-flexbox\" data-id=\"a001414\">\n\t\t\t\t<div class=\"elementor-element elementor-element-3b442ea e-con e-atomic-element e-flexbox-base e-3b442ea-994f604\" data-id=\"3b442ea\" data-element_type=\"e-flexbox\" data-e-type=\"e-flexbox\" data-interaction-id=\"3b442ea\" data-e-type=\"e-flexbox\" data-id=\"3b442ea\">\n\t\t\t\t<div class=\"elementor-element elementor-element-8fd088f e-con e-atomic-element e-flexbox-base e-8fd088f-2b74f82\" data-id=\"8fd088f\" data-element_type=\"e-flexbox\" data-e-type=\"e-flexbox\" data-interaction-id=\"8fd088f\" data-e-type=\"e-flexbox\" data-id=\"8fd088f\">\n\t\t<div class=\"elementor-element elementor-element-f306648 e-con-full e-flex e-con e-child\" data-id=\"f306648\" data-element_type=\"container\" data-e-type=\"container\">\n\t\t\t\t<div class=\"elementor-element elementor-element-d0bb175 elementor-widget__width-initial elementor-widget-divider--view-line elementor-widget elementor-widget-divider\" data-id=\"d0bb175\" data-element_type=\"widget\" data-e-type=\"widget\" data-widget_type=\"divider.default\">\n\t\t\t\t\t\t\t<div class=\"elementor-divider\">\n\t\t\t<span class=\"elementor-divider-separator\">\n\t\t\t\t\t\t<\/span>\n\t\t<\/div>\n\t\t\t\t\t\t<\/div>\n\t\t\t\t<\/div>\n\t\t\t\t<div class=\"elementor-element elementor-element-c9306e3 e-con e-atomic-element e-flexbox-base e-c9306e3-ad1e34a\" data-id=\"c9306e3\" data-element_type=\"e-flexbox\" data-e-type=\"e-flexbox\" data-interaction-id=\"c9306e3\" data-e-type=\"e-flexbox\" data-id=\"c9306e3\">\n\t\t\t\t<div class=\"elementor-element elementor-element-dbe5929 elementor-widget__width-inherit elementor-widget elementor-widget-heading\" data-id=\"dbe5929\" data-element_type=\"widget\" data-e-type=\"widget\" data-widget_type=\"heading.default\">\n\t\t\t\t\t<h2 class=\"elementor-heading-title elementor-size-default\">Como tornar-se correspondente<\/h2>\t\t\t\t<\/div>\n\t\t\t\t<\/div>\n\t\t\t\t<\/div>\n\t\t<div class=\"elementor-element elementor-element-67bb3dc e-con-full e-flex e-con e-child\" data-id=\"67bb3dc\" data-element_type=\"container\" data-e-type=\"container\">\n\t\t\t\t<div class=\"elementor-element elementor-element-fc32168 elementor-widget__width-inherit elementor-widget elementor-widget-text-editor\" data-id=\"fc32168\" data-element_type=\"widget\" data-e-type=\"widget\" data-widget_type=\"text-editor.default\">\n\t\t\t\t\t\t\t\t\t<p>Na Monty, a qualidade do servi\u00e7o come\u00e7a com um atendimento atento e termina com o pagamento ao destinat\u00e1rio. Para garantir um servi\u00e7o eficiente e fi\u00e1vel, mantemos rela\u00e7\u00f5es pr\u00f3ximas e transparentes com institui\u00e7\u00f5es financeiras e prestadores de servi\u00e7os de pagamento nos pa\u00edses de origem dos clientes. Estas parcerias permitem-nos oferecer servi\u00e7os r\u00e1pidos, seguros e com taxas competitivas.  <\/p><p>Desde 2004, desenvolveu uma extensa rede de correspondentes que permite o envio de dinheiro para mais de 130 pa\u00edses, com mais de 188.000 pontos de pagamento, a maioria para entrega imediata.  <br>Os m\u00e9todos de pagamento incluem pagamento em dinheiro, dep\u00f3sitos em contas banc\u00e1rias, pagamentos atrav\u00e9s do telem\u00f3vel e carteiras digitais, dep\u00f3sitos em cart\u00f5es de d\u00e9bito e cr\u00e9dito, pagamentos atrav\u00e9s de caixas autom\u00e1ticas (ATM) e entrega ao domic\u00edlio.<\/p>\t\t\t\t\t\t\t\t<\/div>\n\t\t\t\t<\/div>\n\t\t\t\t<\/div>\n\t\t\t\t<div class=\"elementor-element elementor-element-58989e7 e-con e-atomic-element e-flexbox-base e-58989e7-ff743a1\" data-id=\"58989e7\" data-element_type=\"e-flexbox\" data-e-type=\"e-flexbox\" data-interaction-id=\"58989e7\" data-e-type=\"e-flexbox\" data-id=\"58989e7\">\n\t\t\t\t<\/div>\n\t\t\t\t<\/div>\n\t\t\t\t<div class=\"elementor-element elementor-element-c868f61 e-con e-atomic-element e-flexbox-base e-c868f61-d065bd9\" data-id=\"c868f61\" data-element_type=\"e-flexbox\" data-e-type=\"e-flexbox\" data-interaction-id=\"c868f61\" data-e-type=\"e-flexbox\" data-id=\"c868f61\">\n\t\t\t\t<div class=\"elementor-element elementor-element-6467b3b elementor-widget elementor-widget-heading\" data-id=\"6467b3b\" data-element_type=\"widget\" data-e-type=\"widget\" data-widget_type=\"heading.default\">\n\t\t\t\t\t<h2 class=\"elementor-heading-title elementor-size-default\">Requisitos necess\u00e1rios<\/h2>\t\t\t\t<\/div>\n\t\t\t\t<div class=\"elementor-element elementor-element-36c2127 e-con e-atomic-element e-flexbox-base e-36c2127-3b5b742\" data-id=\"36c2127\" data-element_type=\"e-flexbox\" data-e-type=\"e-flexbox\" data-interaction-id=\"36c2127\" data-e-type=\"e-flexbox\" data-id=\"36c2127\">\n\t\t\t\t<div class=\"elementor-element elementor-element-70c8346 e-con e-atomic-element e-flexbox-base e-70c8346-ac1ab54\" data-id=\"70c8346\" data-element_type=\"e-flexbox\" data-e-type=\"e-flexbox\" data-interaction-id=\"70c8346\" data-e-type=\"e-flexbox\" data-id=\"70c8346\">\n\t\t\t\t<div class=\"elementor-element elementor-element-36dbcce elementor-widget elementor-widget-text-editor\" data-id=\"36dbcce\" data-element_type=\"widget\" data-e-type=\"widget\" data-widget_type=\"text-editor.default\">\n\t\t\t\t\t\t\t\t\t<p><strong>01 .<\/strong> Para podermos avaliar a sua proposta, por favor, envie-nos o seu pedido para <a class=\"email-corresponsales\" href=\"mailto:corresponsales@mgpsa.com\">cmm@mgpsa.com<\/a> com as seguintes informa\u00e7\u00f5es:<\/p>\t\t\t\t\t\t\t\t<\/div>\n\t\t\t\t<div class=\"elementor-element elementor-element-193ed2b e-con e-atomic-element e-flexbox-base e-193ed2b-68f5633\" data-id=\"193ed2b\" data-element_type=\"e-flexbox\" data-e-type=\"e-flexbox\" data-interaction-id=\"193ed2b\" data-e-type=\"e-flexbox\" data-id=\"193ed2b\">\n\t\t\t\t<div class=\"elementor-element elementor-element-9a26589 e-con e-atomic-element e-flexbox-base e-9a26589-ee9d595\" data-id=\"9a26589\" data-element_type=\"e-flexbox\" data-e-type=\"e-flexbox\" data-interaction-id=\"9a26589\" data-e-type=\"e-flexbox\" data-id=\"9a26589\">\n\t\t\t\t<div class=\"elementor-element elementor-element-085f676 elementor-widget elementor-widget-text-editor\" data-id=\"085f676\" data-element_type=\"widget\" data-e-type=\"widget\" data-widget_type=\"text-editor.default\">\n\t\t\t\t\t\t\t\t\t<p><b>1.1.<\/b><\/p>\t\t\t\t\t\t\t\t<\/div>\n\t\t\t\t<div class=\"elementor-element elementor-element-50962d0 elementor-widget elementor-widget-text-editor\" data-id=\"50962d0\" data-element_type=\"widget\" data-e-type=\"widget\" data-widget_type=\"text-editor.default\">\n\t\t\t\t\t\t\t\t\t<p>Hist\u00f3rico da empresa.<\/p>\t\t\t\t\t\t\t\t<\/div>\n\t\t\t\t<\/div>\n\t\t\t\t<div class=\"elementor-element elementor-element-43ff716 e-con e-atomic-element e-flexbox-base e-43ff716-b828443\" data-id=\"43ff716\" data-element_type=\"e-flexbox\" data-e-type=\"e-flexbox\" data-interaction-id=\"43ff716\" data-e-type=\"e-flexbox\" data-id=\"43ff716\">\n\t\t\t\t<div class=\"elementor-element elementor-element-fee629b elementor-widget elementor-widget-text-editor\" data-id=\"fee629b\" data-element_type=\"widget\" data-e-type=\"widget\" data-widget_type=\"text-editor.default\">\n\t\t\t\t\t\t\t\t\t<p><b>1.2.<\/b><\/p>\t\t\t\t\t\t\t\t<\/div>\n\t\t\t\t<div class=\"elementor-element elementor-element-5de533c elementor-widget elementor-widget-text-editor\" data-id=\"5de533c\" data-element_type=\"widget\" data-e-type=\"widget\" data-widget_type=\"text-editor.default\">\n\t\t\t\t\t\t\t\t\t<p>Pa\u00eds de registo da empresa.<\/p>\t\t\t\t\t\t\t\t<\/div>\n\t\t\t\t<\/div>\n\t\t\t\t<div class=\"elementor-element elementor-element-e6d54f7 e-con e-atomic-element e-flexbox-base e-e6d54f7-f68d500\" data-id=\"e6d54f7\" data-element_type=\"e-flexbox\" data-e-type=\"e-flexbox\" data-interaction-id=\"e6d54f7\" data-e-type=\"e-flexbox\" data-id=\"e6d54f7\">\n\t\t\t\t<div class=\"elementor-element elementor-element-0217580 elementor-widget elementor-widget-text-editor\" data-id=\"0217580\" data-element_type=\"widget\" data-e-type=\"widget\" data-widget_type=\"text-editor.default\">\n\t\t\t\t\t\t\t\t\t<p><b>1.3.<\/b><\/p>\t\t\t\t\t\t\t\t<\/div>\n\t\t\t\t<div class=\"elementor-element elementor-element-f495782 elementor-widget elementor-widget-text-editor\" data-id=\"f495782\" data-element_type=\"widget\" data-e-type=\"widget\" data-widget_type=\"text-editor.default\">\n\t\t\t\t\t\t\t\t\t<p>Cobertura geogr\u00e1fica.<\/p>\t\t\t\t\t\t\t\t<\/div>\n\t\t\t\t<\/div>\n\t\t\t\t<\/div>\n\t\t\t\t<\/div>\n\t\t\t\t<div class=\"elementor-element elementor-element-4e3a96b e-con e-atomic-element e-flexbox-base e-4e3a96b-f4f7867\" data-id=\"4e3a96b\" data-element_type=\"e-flexbox\" data-e-type=\"e-flexbox\" data-interaction-id=\"4e3a96b\" data-e-type=\"e-flexbox\" data-id=\"4e3a96b\">\n\t\t\t\t<div class=\"elementor-element elementor-element-636d50e elementor-widget elementor-widget-text-editor\" data-id=\"636d50e\" data-element_type=\"widget\" data-e-type=\"widget\" data-widget_type=\"text-editor.default\">\n\t\t\t\t\t\t\t\t\t<p><strong>02 .<\/strong> Assim que o pedido for admitido, o departamento correspondente indicar-lhe-\u00e1 a documenta\u00e7\u00e3o e os requisitos necess\u00e1rios para continuar com o processo.<\/p>\t\t\t\t\t\t\t\t<\/div>\n\t\t\t\t<\/div>\n\t\t\t\t<\/div>\n\t\t\t\t<\/div>\n\t\t\t\t<div class=\"elementor-element elementor-element-069877f e-con e-atomic-element e-flexbox-base e-069877f-5e075d9\" data-id=\"069877f\" data-element_type=\"e-flexbox\" data-e-type=\"e-flexbox\" data-interaction-id=\"069877f\" data-e-type=\"e-flexbox\" data-id=\"069877f\">\n\t\t\t\t<div class=\"elementor-element elementor-element-8bc49cb elementor-widget elementor-widget-heading\" data-id=\"8bc49cb\" data-element_type=\"widget\" data-e-type=\"widget\" data-widget_type=\"heading.default\">\n\t\t\t\t\t<h2 class=\"elementor-heading-title elementor-size-default\">Rede de correspondentes<\/h2>\t\t\t\t<\/div>\n\t\t\t\t<div class=\"elementor-element elementor-element-38347c7 e-con e-atomic-element e-flexbox-base e-38347c7-240d788\" data-id=\"38347c7\" data-element_type=\"e-flexbox\" data-e-type=\"e-flexbox\" data-interaction-id=\"38347c7\" data-e-type=\"e-flexbox\" data-id=\"38347c7\">\n\t\t\t\t<div class=\"elementor-element elementor-element-fd7ebb0 e-con e-atomic-element e-flexbox-base e-fd7ebb0-87147c0\" data-id=\"fd7ebb0\" data-element_type=\"e-flexbox\" data-e-type=\"e-flexbox\" data-interaction-id=\"fd7ebb0\" data-e-type=\"e-flexbox\" data-id=\"fd7ebb0\">\n\t\t\t\t<div class=\"elementor-element elementor-element-8154201 e-con e-atomic-element e-flexbox-base e-8154201-211790e\" data-id=\"8154201\" data-element_type=\"e-flexbox\" data-e-type=\"e-flexbox\" data-interaction-id=\"8154201\" data-e-type=\"e-flexbox\" data-id=\"8154201\">\n\t\t\t\t<div class=\"elementor-element elementor-element-e30da0b elementor-widget elementor-widget-heading\" data-id=\"e30da0b\" data-element_type=\"widget\" data-e-type=\"widget\" data-widget_type=\"heading.default\">\n\t\t\t\t\t<h2 class=\"elementor-heading-title elementor-size-default\">Colaboramos com bancos e institui\u00e7\u00f5es n\u00e3o banc\u00e1rias<\/h2>\t\t\t\t<\/div>\n\t\t\t\t<div class=\"elementor-element elementor-element-d544381 elementor-widget elementor-widget-text-editor\" data-id=\"d544381\" data-element_type=\"widget\" data-e-type=\"widget\" data-widget_type=\"text-editor.default\">\n\t\t\t\t\t\t\t\t\t<p>A Monty distribui as transfer\u00eancias nos pa\u00edses de destino atrav\u00e9s da sua rede de correspondentes, colaborando com bancos e institui\u00e7\u00f5es n\u00e3o banc\u00e1rias de reconhecido prest\u00edgio nacional e internacional. A Monty \u00e9 membro da SWIFT (c\u00f3digo MNTYESMM), o que nos permite garantir um servi\u00e7o de pagamento r\u00e1pido e fi\u00e1vel, aceder a ferramentas de preven\u00e7\u00e3o de branqueamento de capitais e posicionar-nos entre as empresas l\u00edderes do setor.<\/p>\t\t\t\t\t\t\t\t<\/div>\n\t\t\t\t<\/div>\n\t\t\t\t<div class=\"elementor-element elementor-element-4e810f7 e-con e-atomic-element e-flexbox-base e-4e810f7-6a0a5d9\" data-id=\"4e810f7\" data-element_type=\"e-flexbox\" data-e-type=\"e-flexbox\" data-interaction-id=\"4e810f7\" data-e-type=\"e-flexbox\" data-id=\"4e810f7\">\n\t\t\t\t<div class=\"elementor-element elementor-element-9681b93 elementor-widget elementor-widget-heading\" data-id=\"9681b93\" data-element_type=\"widget\" data-e-type=\"widget\" data-widget_type=\"heading.default\">\n\t\t\t\t\t<h2 class=\"elementor-heading-title elementor-size-default\">A nossa equipa de profissionais atende clientes e agentes 365 dias por ano <\/h2>\t\t\t\t<\/div>\n\t\t\t\t<div class=\"elementor-element elementor-element-3659207 elementor-widget elementor-widget-text-editor\" data-id=\"3659207\" data-element_type=\"widget\" data-e-type=\"widget\" data-widget_type=\"text-editor.default\">\n\t\t\t\t\t\t\t\t\t<p>Para assegurar a m\u00e1xima qualidade do servi\u00e7o, dispomos de uma equipa experiente de profissionais que oferece atendimento personalizado a clientes e agentes 365 dias por ano, das 9h00 \u00e0s 22h00, em v\u00e1rios idiomas: \u00e1rabe, b\u00falgaro, espanhol, franc\u00eas, ingl\u00eas, portugu\u00eas, romeno, urdu e russo.<\/p>\t\t\t\t\t\t\t\t<\/div>\n\t\t\t\t<\/div>\n\t\t\t\t<div class=\"elementor-element elementor-element-97662aa e-con e-atomic-element e-flexbox-base e-97662aa-b7258e6\" data-id=\"97662aa\" data-element_type=\"e-flexbox\" data-e-type=\"e-flexbox\" data-interaction-id=\"97662aa\" data-e-type=\"e-flexbox\" data-id=\"97662aa\">\n\t\t\t\t<div class=\"elementor-element elementor-element-27c0b8d elementor-widget elementor-widget-heading\" data-id=\"27c0b8d\" data-element_type=\"widget\" data-e-type=\"widget\" data-widget_type=\"heading.default\">\n\t\t\t\t\t<h2 class=\"elementor-heading-title elementor-size-default\">\nTroca imediata de informa\u00e7\u00e3o com os correspondentes <\/h2>\t\t\t\t<\/div>\n\t\t\t\t<div class=\"elementor-element elementor-element-a6e32fb elementor-widget elementor-widget-text-editor\" data-id=\"a6e32fb\" data-element_type=\"widget\" data-e-type=\"widget\" data-widget_type=\"text-editor.default\">\n\t\t\t\t\t\t\t\t\t<p>A Monty distribui as opera\u00e7\u00f5es nos pa\u00edses de destino em tempo real, mantendo liga\u00e7\u00f5es diretas e seguras com os seus correspondentes. Estas liga\u00e7\u00f5es garantem que as transfer\u00eancias ficam dispon\u00edveis assim que s\u00e3o aprovadas, proporcionando pagamentos r\u00e1pidos e sem atrasos.<\/p>\t\t\t\t\t\t\t\t<\/div>\n\t\t\t\t<\/div>\n\t\t\t\t<\/div>\n\t\t\t\t<div class=\"elementor-element elementor-element-502aa0f e-con e-atomic-element e-flexbox-base e-502aa0f-3dc5bbd\" data-id=\"502aa0f\" data-element_type=\"e-flexbox\" data-e-type=\"e-flexbox\" data-interaction-id=\"502aa0f\" data-e-type=\"e-flexbox\" data-id=\"502aa0f\">\n\t\t\t\t<div class=\"elementor-element elementor-element-c6789c4 e-con e-atomic-element e-flexbox-base e-c6789c4-66be72a\" data-id=\"c6789c4\" data-element_type=\"e-flexbox\" data-e-type=\"e-flexbox\" data-interaction-id=\"c6789c4\" data-e-type=\"e-flexbox\" data-id=\"c6789c4\">\n\t\t\t\t<div class=\"elementor-element elementor-element-4b0233c elementor-widget elementor-widget-heading\" data-id=\"4b0233c\" data-element_type=\"widget\" data-e-type=\"widget\" data-widget_type=\"heading.default\">\n\t\t\t\t\t<h2 class=\"elementor-heading-title elementor-size-default\">Cumprimento normativo cont\u00ednuo<\/h2>\t\t\t\t<\/div>\n\t\t\t\t<div class=\"elementor-element elementor-element-7dbb6de elementor-widget elementor-widget-text-editor\" data-id=\"7dbb6de\" data-element_type=\"widget\" data-e-type=\"widget\" data-widget_type=\"text-editor.default\">\n\t\t\t\t\t\t\t\t\t<p>Trabalhamos apenas com institui\u00e7\u00f5es de primeira linha, de solvabilidade e reputa\u00e7\u00e3o comprovadas, que cumprem integralmente as leis e regulamentos aplic\u00e1veis nos pa\u00edses onde operamos. A manuten\u00e7\u00e3o dos mais altos padr\u00f5es de preven\u00e7\u00e3o de branqueamento de capitais e de financiamento do terrorismo (AML\/CTF) \u00e9 um compromisso constante dos nossos parceiros correspondentes. <\/p>\t\t\t\t\t\t\t\t<\/div>\n\t\t\t\t<\/div>\n\t\t\t\t<div class=\"elementor-element elementor-element-825b0c3 e-con e-atomic-element e-flexbox-base e-825b0c3-57da0d6\" data-id=\"825b0c3\" data-element_type=\"e-flexbox\" data-e-type=\"e-flexbox\" data-interaction-id=\"825b0c3\" data-e-type=\"e-flexbox\" data-id=\"825b0c3\">\n\t\t\t\t<div class=\"elementor-element elementor-element-642dae3 elementor-widget__width-inherit elementor-widget elementor-widget-text-editor\" data-id=\"642dae3\" data-element_type=\"widget\" data-e-type=\"widget\" data-widget_type=\"text-editor.default\">\n\t\t\t\t\t\t\t\t\t<div>Trabajamos con entidades reconocidas por su solidez y compromiso con la normativa<\/div>\t\t\t\t\t\t\t\t<\/div>\n\t\t\t\t<\/div>\n\t\t\t\t<div class=\"elementor-element elementor-element-88f002c e-con e-atomic-element e-flexbox-base e-88f002c-551c011\" data-id=\"88f002c\" data-element_type=\"e-flexbox\" data-e-type=\"e-flexbox\" data-interaction-id=\"88f002c\" data-e-type=\"e-flexbox\" data-id=\"88f002c\">\n\t\t\t\t<div class=\"elementor-element elementor-element-dd24cdb elementor-widget elementor-widget-heading\" data-id=\"dd24cdb\" data-element_type=\"widget\" data-e-type=\"widget\" data-widget_type=\"heading.default\">\n\t\t\t\t\t<h2 class=\"elementor-heading-title elementor-size-default\">Servi\u00e7o de pagamento online em tempo real<\/h2>\t\t\t\t<\/div>\n\t\t\t\t<div class=\"elementor-element elementor-element-01961ea elementor-widget elementor-widget-text-editor\" data-id=\"01961ea\" data-element_type=\"widget\" data-e-type=\"widget\" data-widget_type=\"text-editor.default\">\n\t\t\t\t\t\t\t\t\t<p>Disponibilizamos um servi\u00e7o de pagamento online em tempo real na maioria dos pontos de pagamento. As conex\u00f5es diretas com os nossos correspondentes garantem que a transfer\u00eancia fica dispon\u00edvel para o benefici\u00e1rio assim que \u00e9 aceite, assegurando rapidez, transpar\u00eancia e fiabilidade.<\/p>\t\t\t\t\t\t\t\t<\/div>\n\t\t\t\t<\/div>\n\t\t\t\t<\/div>\n\t\t\t\t<\/div>\n\t\t\t\t<\/div>\n\t\t\t\t<\/div>\n\t\t\t\t<\/div>\n\t\t","protected":false},"excerpt":{"rendered":"<p>Correspons\u00e1veis Como tornar-se correspondente Na Monty, a qualidade do servi\u00e7o come\u00e7a com um atendimento atento e termina com o pagamento ao destinat\u00e1rio. Para garantir um servi\u00e7o eficiente e fi\u00e1vel, mantemos rela\u00e7\u00f5es pr\u00f3ximas e transparentes com institui\u00e7\u00f5es financeiras e prestadores de servi\u00e7os de pagamento nos pa\u00edses de origem dos clientes. Estas parcerias permitem-nos oferecer servi\u00e7os r\u00e1pidos, [&hellip;]<\/p>\n","protected":false},"author":1,"featured_media":0,"parent":0,"menu_order":0,"comment_status":"closed","ping_status":"closed","template":"","meta":{"footnotes":""},"class_list":["post-11680","page","type-page","status-publish","hentry"],"_links":{"self":[{"href":"https:\/\/montyglobal.com\/pt-pt\/wp-json\/wp\/v2\/pages\/11680","targetHints":{"allow":["GET"]}}],"collection":[{"href":"https:\/\/montyglobal.com\/pt-pt\/wp-json\/wp\/v2\/pages"}],"about":[{"href":"https:\/\/montyglobal.com\/pt-pt\/wp-json\/wp\/v2\/types\/page"}],"author":[{"embeddable":true,"href":"https:\/\/montyglobal.com\/pt-pt\/wp-json\/wp\/v2\/users\/1"}],"replies":[{"embeddable":true,"href":"https:\/\/montyglobal.com\/pt-pt\/wp-json\/wp\/v2\/comments?post=11680"}],"version-history":[{"count":4,"href":"https:\/\/montyglobal.com\/pt-pt\/wp-json\/wp\/v2\/pages\/11680\/revisions"}],"predecessor-version":[{"id":19815,"href":"https:\/\/montyglobal.com\/pt-pt\/wp-json\/wp\/v2\/pages\/11680\/revisions\/19815"}],"wp:attachment":[{"href":"https:\/\/montyglobal.com\/pt-pt\/wp-json\/wp\/v2\/media?parent=11680"}],"curies":[{"name":"wp","href":"https:\/\/api.w.org\/{rel}","templated":true}]}}